{"id":11989,"date":"2017-04-12T17:55:35","date_gmt":"2017-04-12T17:55:35","guid":{"rendered":"https:\/\/nex.vamtam.com\/?page_id=11989"},"modified":"2025-04-09T03:16:27","modified_gmt":"2025-04-09T03:16:27","slug":"home-modern","status":"publish","type":"page","link":"https:\/\/textifull.com.co\/eng\/","title":{"rendered":"Home Modern"},"content":{"rendered":"<div class=\"vgblk-rw-wrapper limit-wrapper\">\r\n<h3>Customized designs<\/h3>\r\n<p>Creative area made up of fashion and graphic designers who bring diversity and uniqueness to your product.<\/p>\r\n<h3>First class facilities<\/h3>\r\n<p>Equipment and systems with specialized technology to guarantee the quality and precision of our projects and processes.<\/p>\r\n<h3>Qualified personnel<\/h3>\r\n<p>Team of trained workers committed to the company.<\/p>\r\n<h2>Our company<\/h2>\r\n<p>A company that understands your expectations, that's why we work to meet our customers.<\/p>\r\n<h2>Mission Statement<\/h2>\r\n<p>We offer our clients the elaboration of quality garments that guarantee competitiveness, recognition and profitability. We are committed to the continuous improvement and development of people, contributing to the economic and social development of the country.<\/p>\r\n<h2>Vision Statement<\/h2>\r\n<p>By 2023 we will be recognized at a national level, for the quality and competitiveness in the production of garments based on efficient and reliable production system design.<\/p>\r\n<h2>About us<\/h2>\r\n<p>Learn more about our process and our company.<\/p>\r\n<p><a role=\"button\" href=\"https:\/\/textifull.com.co\/eng\/quienes-somos\/\" target=\"_self\" rel=\"noopener noreferrer\"> I want to learn more <\/a> <img title=\"home-nosotros\" src=\"http:\/\/textifull.com.co\/wp-content\/uploads\/2020\/06\/home-nosotros.jpg\" sizes=\"(max-width: 768px) 100vw, 100vw\" srcset=\"data:image\/svg+xml;utf8,&lt;svg%20xmlns=&quot;http:\/\/www.w3.org\/2000\/svg&quot;%20viewBox=&quot;0%200%201920%201280&quot;%20height=&quot;1280px&quot;%20width=&quot;1920px&quot;\/&gt;\" alt=\"home-nosotros\" data-srcset=\"https:\/\/textifull.com.co\/wp-content\/uploads\/2020\/06\/home-nosotros.jpg 1920w, https:\/\/textifull.com.co\/wp-content\/uploads\/2020\/06\/home-nosotros-300x200.jpg 300w, https:\/\/textifull.com.co\/wp-content\/uploads\/2020\/06\/home-nosotros-1024x683.jpg 1024w, https:\/\/textifull.com.co\/wp-content\/uploads\/2020\/06\/home-nosotros-768x512.jpg 768w, https:\/\/textifull.com.co\/wp-content\/uploads\/2020\/06\/home-nosotros-1536x1024.jpg 1536w, https:\/\/textifull.com.co\/wp-content\/uploads\/2020\/06\/home-nosotros-1260x840.jpg 1260w, https:\/\/textifull.com.co\/wp-content\/uploads\/2020\/06\/home-nosotros-630x420.jpg 630w, https:\/\/textifull.com.co\/wp-content\/uploads\/2020\/06\/home-nosotros-420x280.jpg 420w, https:\/\/textifull.com.co\/wp-content\/uploads\/2020\/06\/home-nosotros-840x560.jpg 840w, https:\/\/textifull.com.co\/wp-content\/uploads\/2020\/06\/home-nosotros-315x210.jpg 315w\" \/> \n\t\t<style>\n\t\t\t#wpls-logo-showcase-slider-1 .wpls-fix-box,\n\t\t\t#wpls-logo-showcase-slider-1 .wpls-fix-box img.wp-post-image{max-height:250px; }\n\t\t<\/style>\n\n\t\t<div class=\"wpls-wrap wpls-logo-showcase-slider-wrp wpls-logo-clearfix wpls-design-1\" data-conf=\"{&quot;slides_column&quot;:&quot;3&quot;,&quot;slides_scroll&quot;:1,&quot;dots&quot;:&quot;true&quot;,&quot;arrows&quot;:&quot;true&quot;,&quot;autoplay&quot;:&quot;true&quot;,&quot;autoplay_interval&quot;:3000,&quot;loop&quot;:&quot;true&quot;,&quot;rtl&quot;:&quot;false&quot;,&quot;speed&quot;:800,&quot;center_mode&quot;:&quot;true&quot;,&quot;lazyload&quot;:&quot;&quot;}\">\n\t\t\t<div class=\"wpls-logo-showcase logo_showcase wpls-logo-slider wpls-center sliderimage_hide_border\" id=\"wpls-logo-showcase-slider-1\" >\n\t\t\t\t<div class=\"wpls-logo-cnt\">\n\t<div class=\"wpls-fix-box\">\n\t\t\t\t<a href=\"https:\/\/www.rifle.com.co\/\" target=\"_self\">\n\t\t\t<img class=\"wp-post-image\"  src=\"https:\/\/textifull.com.co\/wp-content\/uploads\/2020\/05\/rifle.png\" alt=\"\" \/>\n\t\t<\/a>\n\t\t\t<\/div>\n\t<\/div><div class=\"wpls-logo-cnt\">\n\t<div class=\"wpls-fix-box\">\n\t\t\t\t<a href=\"https:\/\/www.stopjeans.com\/\" target=\"_self\">\n\t\t\t<img class=\"wp-post-image\"  src=\"https:\/\/textifull.com.co\/wp-content\/uploads\/2020\/05\/stop.png\" alt=\"\" \/>\n\t\t<\/a>\n\t\t\t<\/div>\n\t<\/div><div class=\"wpls-logo-cnt\">\n\t<div class=\"wpls-fix-box\">\n\t\t\t\t<a href=\"https:\/\/stilotex.com\/\" target=\"_self\">\n\t\t\t<img class=\"wp-post-image\"  src=\"https:\/\/textifull.com.co\/wp-content\/uploads\/2020\/05\/stilotex.png\" alt=\"\" \/>\n\t\t<\/a>\n\t\t\t<\/div>\n\t<\/div><div class=\"wpls-logo-cnt\">\n\t<div class=\"wpls-fix-box\">\n\t\t\t\t<a href=\"https:\/\/www.nafnaf.com.co\/\" target=\"_self\">\n\t\t\t<img class=\"wp-post-image\"  src=\"https:\/\/textifull.com.co\/wp-content\/uploads\/2020\/05\/nafnaf.png\" alt=\"\" \/>\n\t\t<\/a>\n\t\t\t<\/div>\n\t<\/div><div class=\"wpls-logo-cnt\">\n\t<div class=\"wpls-fix-box\">\n\t\t\t\t<a href=\"https:\/\/www.grupoexito.com.co\/es\" target=\"_self\">\n\t\t\t<img class=\"wp-post-image\"  src=\"https:\/\/textifull.com.co\/wp-content\/uploads\/2020\/05\/LogroGrupo-Exito.png\" alt=\"\" \/>\n\t\t<\/a>\n\t\t\t<\/div>\n\t<\/div><div class=\"wpls-logo-cnt\">\n\t<div class=\"wpls-fix-box\">\n\t\t\t\t<a href=\"https:\/\/www.falabella.com.co\/falabella-co\/\" target=\"_self\">\n\t\t\t<img class=\"wp-post-image\"  src=\"https:\/\/textifull.com.co\/wp-content\/uploads\/2020\/05\/falave.png\" alt=\"\" \/>\n\t\t<\/a>\n\t\t\t<\/div>\n\t<\/div><div class=\"wpls-logo-cnt\">\n\t<div class=\"wpls-fix-box\">\n\t\t\t\t<a href=\"https:\/\/www.esprit.com.co\/\" target=\"_self\">\n\t\t\t<img class=\"wp-post-image\"  src=\"https:\/\/textifull.com.co\/wp-content\/uploads\/2020\/05\/esprit-logo-vector.png\" alt=\"\" \/>\n\t\t<\/a>\n\t\t\t<\/div>\n\t<\/div><div class=\"wpls-logo-cnt\">\n\t<div class=\"wpls-fix-box\">\n\t\t\t\t<a href=\"https:\/\/www.americanino.com\/\" target=\"_self\">\n\t\t\t<img class=\"wp-post-image\"  src=\"https:\/\/textifull.com.co\/wp-content\/uploads\/2020\/05\/americanino.png\" alt=\"\" \/>\n\t\t<\/a>\n\t\t\t<\/div>\n\t<\/div>\t\t\t<\/div>\n\t\t<\/div>\n\n\t\t<\/p>\r\n<h3>Design<\/h3>\r\n<p>Equipo de dise\u00f1adores con amplio conocimiento en moda, enfocado en ofrecer a nuestros clientes propuestas creativas, innovadoras, generando as\u00ed valor agregado a los proyectos.<\/p>\r\n<h3>Weaving<\/h3>\r\n<p>Desarrollamos bases textiles<br \/>de tejido de punto con diferentes caracter\u00edsticas, materiales y acabados seg\u00fan la necesidad de cada cliente.<\/p>\r\n<h3>Cutting<\/h3>\r\n<p>Monthly cutting capacity of 150,000 units through a semi-automated process that ensures greater precision and consistency.<\/p>\r\n<h3>Printing and Sublimation<\/h3>\r\n<p>Printing plant with two, 9- and 4-color, screen octopuses, sublimation in piece and pad printing for garment tagging.<\/p>\r\n<h3>Quality manufacture<\/h3>\r\n<p>Own manufacturing plant operated by female heads of household.<\/p>\r\n<h3>Shipping<\/h3>\r\n<p>Staff trained in logistics issues such as reception and dispatch type sorting, consolidated deliveries, pre-shipped, piking.<\/p>\r\n<\/div><!-- .vgblk-rw-wrapper -->","protected":false},"excerpt":{"rendered":"<p>Dise\u00f1os personalizados Area creativa conformada por dise\u00f1adores de moda y gr\u00e1ficos que ofrecen diversidad y diferenciaci\u00f3n a tu producto. Instalaciones de primer nivel Equipos y sistemas con tecnolog\u00eda especializada para garantizar calidad y precisi\u00f3n a nuestros desarrollos y procesos. Personal calificado Equipo de trabajadores capacitados y comprometidos con la compa\u00f1ia. Nuestra compa\u00f1\u00eda Una empresa que&#8230;<\/p>","protected":false},"author":1,"featured_media":0,"parent":0,"menu_order":0,"comment_status":"closed","ping_status":"closed","template":"","meta":[],"yoast_head":"<!-- This site is optimized with the Yoast SEO plugin v18.0 - https:\/\/yoast.com\/wordpress\/plugins\/seo\/ -->\n<title>Home Modern | TextiFull<\/title>\n<meta name=\"description\" content=\"TextiFull Home Modern\" \/>\n<meta name=\"robots\" content=\"index, follow, max-snippet:-1, max-image-preview:large, max-video-preview:-1\" \/>\n<link rel=\"canonical\" href=\"https:\/\/textifull.com.co\/eng\/\" \/>\n<meta property=\"og:locale\" content=\"en_US\" \/>\n<meta property=\"og:type\" content=\"article\" \/>\n<meta property=\"og:title\" content=\"Home Modern | TextiFull\" \/>\n<meta property=\"og:description\" content=\"TextiFull Home Modern\" \/>\n<meta property=\"og:url\" content=\"https:\/\/textifull.com.co\/eng\/\" \/>\n<meta property=\"og:site_name\" content=\"TextiFull\" \/>\n<meta property=\"article:modified_time\" content=\"2025-04-09T03:16:27+00:00\" \/>\n<meta property=\"og:image\" content=\"http:\/\/textifull.com.co\/wp-content\/uploads\/2020\/06\/home-nosotros.jpg\" \/>\n<meta name=\"twitter:card\" content=\"summary_large_image\" \/>\n<meta name=\"twitter:label1\" content=\"Est. reading time\" \/>\n\t<meta name=\"twitter:data1\" content=\"2 minutes\" \/>\n<script type=\"application\/ld+json\" class=\"yoast-schema-graph\">{\"@context\":\"https:\/\/schema.org\",\"@graph\":[{\"@type\":\"Organization\",\"@id\":\"https:\/\/textifull.com.co\/#organization\",\"name\":\"TextiFull\",\"url\":\"https:\/\/textifull.com.co\/\",\"sameAs\":[],\"logo\":{\"@type\":\"ImageObject\",\"@id\":\"https:\/\/textifull.com.co\/#logo\",\"inLanguage\":\"en-US\",\"url\":\"https:\/\/textifull.com.co\/wp-content\/uploads\/2020\/07\/logo-textifull-512x512-1.png\",\"contentUrl\":\"https:\/\/textifull.com.co\/wp-content\/uploads\/2020\/07\/logo-textifull-512x512-1.png\",\"width\":513,\"height\":513,\"caption\":\"TextiFull\"},\"image\":{\"@id\":\"https:\/\/textifull.com.co\/#logo\"}},{\"@type\":\"WebSite\",\"@id\":\"https:\/\/textifull.com.co\/#website\",\"url\":\"https:\/\/textifull.com.co\/\",\"name\":\"TextiFull\",\"description\":\"\",\"publisher\":{\"@id\":\"https:\/\/textifull.com.co\/#organization\"},\"potentialAction\":[{\"@type\":\"SearchAction\",\"target\":{\"@type\":\"EntryPoint\",\"urlTemplate\":\"https:\/\/textifull.com.co\/?s={search_term_string}\"},\"query-input\":\"required name=search_term_string\"}],\"inLanguage\":\"en-US\"},{\"@type\":\"ImageObject\",\"@id\":\"https:\/\/textifull.com.co\/#primaryimage\",\"inLanguage\":\"en-US\",\"url\":\"http:\/\/textifull.com.co\/wp-content\/uploads\/2020\/06\/home-nosotros.jpg\",\"contentUrl\":\"http:\/\/textifull.com.co\/wp-content\/uploads\/2020\/06\/home-nosotros.jpg\"},{\"@type\":\"WebPage\",\"@id\":\"https:\/\/textifull.com.co\/#webpage\",\"url\":\"https:\/\/textifull.com.co\/\",\"name\":\"Home Modern | TextiFull\",\"isPartOf\":{\"@id\":\"https:\/\/textifull.com.co\/#website\"},\"primaryImageOfPage\":{\"@id\":\"https:\/\/textifull.com.co\/#primaryimage\"},\"datePublished\":\"2017-04-12T17:55:35+00:00\",\"dateModified\":\"2025-04-09T03:16:27+00:00\",\"description\":\"TextiFull Home Modern\",\"breadcrumb\":{\"@id\":\"https:\/\/textifull.com.co\/#breadcrumb\"},\"inLanguage\":\"en-US\",\"potentialAction\":[{\"@type\":\"ReadAction\",\"target\":[\"https:\/\/textifull.com.co\/\"]}]},{\"@type\":\"BreadcrumbList\",\"@id\":\"https:\/\/textifull.com.co\/#breadcrumb\",\"itemListElement\":[{\"@type\":\"ListItem\",\"position\":1,\"name\":\"Home\",\"item\":\"https:\/\/textifull.com.co\/\"},{\"@type\":\"ListItem\",\"position\":2,\"name\":\"Home Modern\"}]}]}<\/script>\n<!-- \/ Yoast SEO plugin. -->","yoast_head_json":{"title":"Home Modern | TextiFull","description":"TextiFull Home Modern","robots":{"index":"index","follow":"follow","max-snippet":"max-snippet:-1","max-image-preview":"max-image-preview:large","max-video-preview":"max-video-preview:-1"},"canonical":"https:\/\/textifull.com.co\/eng\/","og_locale":"en_US","og_type":"article","og_title":"Home Modern | TextiFull","og_description":"TextiFull Home Modern","og_url":"https:\/\/textifull.com.co\/eng\/","og_site_name":"TextiFull","article_modified_time":"2025-04-09T03:16:27+00:00","og_image":[{"url":"http:\/\/textifull.com.co\/wp-content\/uploads\/2020\/06\/home-nosotros.jpg"}],"twitter_card":"summary_large_image","twitter_misc":{"Est. reading time":"2 minutes"},"schema":{"@context":"https:\/\/schema.org","@graph":[{"@type":"Organization","@id":"https:\/\/textifull.com.co\/#organization","name":"TextiFull","url":"https:\/\/textifull.com.co\/","sameAs":[],"logo":{"@type":"ImageObject","@id":"https:\/\/textifull.com.co\/#logo","inLanguage":"en-US","url":"https:\/\/textifull.com.co\/wp-content\/uploads\/2020\/07\/logo-textifull-512x512-1.png","contentUrl":"https:\/\/textifull.com.co\/wp-content\/uploads\/2020\/07\/logo-textifull-512x512-1.png","width":513,"height":513,"caption":"TextiFull"},"image":{"@id":"https:\/\/textifull.com.co\/#logo"}},{"@type":"WebSite","@id":"https:\/\/textifull.com.co\/#website","url":"https:\/\/textifull.com.co\/","name":"TextiFull","description":"","publisher":{"@id":"https:\/\/textifull.com.co\/#organization"},"potentialAction":[{"@type":"SearchAction","target":{"@type":"EntryPoint","urlTemplate":"https:\/\/textifull.com.co\/?s={search_term_string}"},"query-input":"required name=search_term_string"}],"inLanguage":"en-US"},{"@type":"ImageObject","@id":"https:\/\/textifull.com.co\/#primaryimage","inLanguage":"en-US","url":"http:\/\/textifull.com.co\/wp-content\/uploads\/2020\/06\/home-nosotros.jpg","contentUrl":"http:\/\/textifull.com.co\/wp-content\/uploads\/2020\/06\/home-nosotros.jpg"},{"@type":"WebPage","@id":"https:\/\/textifull.com.co\/#webpage","url":"https:\/\/textifull.com.co\/","name":"Home Modern | TextiFull","isPartOf":{"@id":"https:\/\/textifull.com.co\/#website"},"primaryImageOfPage":{"@id":"https:\/\/textifull.com.co\/#primaryimage"},"datePublished":"2017-04-12T17:55:35+00:00","dateModified":"2025-04-09T03:16:27+00:00","description":"TextiFull Home Modern","breadcrumb":{"@id":"https:\/\/textifull.com.co\/#breadcrumb"},"inLanguage":"en-US","potentialAction":[{"@type":"ReadAction","target":["https:\/\/textifull.com.co\/"]}]},{"@type":"BreadcrumbList","@id":"https:\/\/textifull.com.co\/#breadcrumb","itemListElement":[{"@type":"ListItem","position":1,"name":"Home","item":"https:\/\/textifull.com.co\/"},{"@type":"ListItem","position":2,"name":"Home Modern"}]}]}},"jetpack_sharing_enabled":true,"_links":{"self":[{"href":"https:\/\/textifull.com.co\/eng\/wp-json\/wp\/v2\/pages\/11989"}],"collection":[{"href":"https:\/\/textifull.com.co\/eng\/wp-json\/wp\/v2\/pages"}],"about":[{"href":"https:\/\/textifull.com.co\/eng\/wp-json\/wp\/v2\/types\/page"}],"author":[{"embeddable":true,"href":"https:\/\/textifull.com.co\/eng\/wp-json\/wp\/v2\/users\/1"}],"replies":[{"embeddable":true,"href":"https:\/\/textifull.com.co\/eng\/wp-json\/wp\/v2\/comments?post=11989"}],"version-history":[{"count":34,"href":"https:\/\/textifull.com.co\/eng\/wp-json\/wp\/v2\/pages\/11989\/revisions"}],"predecessor-version":[{"id":18867,"href":"https:\/\/textifull.com.co\/eng\/wp-json\/wp\/v2\/pages\/11989\/revisions\/18867"}],"wp:attachment":[{"href":"https:\/\/textifull.com.co\/eng\/wp-json\/wp\/v2\/media?parent=11989"}],"curies":[{"name":"wp","href":"https:\/\/api.w.org\/{rel}","templated":true}]}}