{"id":12176,"date":"2017-04-21T10:20:39","date_gmt":"2017-04-21T10:20:39","guid":{"rendered":"https:\/\/nex.vamtam.com\/?page_id=12176"},"modified":"2024-06-19T22:38:15","modified_gmt":"2024-06-19T22:38:15","slug":"politicas","status":"publish","type":"page","link":"https:\/\/textifull.com.co\/eng\/politicas\/","title":{"rendered":"Politicas &#8211;"},"content":{"rendered":"<div class=\"vgblk-rw-wrapper limit-wrapper\">\r\n<h2>Nuestros valores<\/h2>\r\n<p>En <strong>TEXTIFULL<\/strong> los valores se ven reflejados en unificar y fortalecer las pr\u00e1cticas empresariales para cumplir con altos estandares morales y profesionales, los cuales estan estipulados en nuestro <strong>C\u00d3DIGO DE \u00c9TICA Y CONDUCTA.<\/strong><\/p>\r\n<p><style>\r\n       .our_values {\r\n    width: 300px;\r\n    height: 300px;\r\n    border-radius: 50%;\r\n    border: 1px solid rgba(81, 81, 81, 0.507);\r\n    position: relative;\r\n    display: flex;\r\n    justify-content: center;\r\n    align-items: center;\r\n    margin: 0 auto;\r\n}\r\n.valueCircle {\r\n    position: absolute;\r\n    width: 80px;\r\n    height: 80px;\r\n    border-radius: 50%;\r\n    display: flex;\r\n    justify-content: center;\r\n    align-items: center;\r\n}\r\n.value1 {\r\n    background-color: #3E5F8A;\r\n    bottom: -20px;\r\n    left: 25px;\r\n}\r\n.value2 {\r\n    background-color: #D5463D;\r\n    right: -40px;\r\n    bottom: 150px;\r\n}\r\n.value3 {\r\n    background-color: #81BA37;\r\n    left: -40px;\r\n    bottom: 150px;\r\n}\r\n.value4 {\r\n    background-color: #EAB603;\r\n    top: -40px;\r\n}\r\n.value5 {\r\n    background-color: #02A5E5;\r\n    bottom: -20px;\r\n    right: 25px;\r\n}\r\n.text-circle {\r\n    position: absolute;\r\n}\r\n.text-circle-1 {\r\n    left: -70px;\r\n}\r\n.text-circle-2 {\r\n    right: -70px;\r\n}\r\n.text-circle-3 {\r\n    left: -140px;\r\n}\r\n.text-circle-4 {\r\n    top: -30px;\r\n    text-align: center;\r\n    width: 150px;\r\n}\r\n.text-circle-5 {\r\n    right: -90px;\r\n}\r\n@media screen and (max-width: 700px) {\r\n    .our_values {\r\n        width: 250px;\r\n        height: 250px;\r\n    }\r\n    .valueCircle {\r\n        width: 70px;\r\n        height: 70px;\r\n    }\r\n    .value2 {\r\n        top: 60px;\r\n        right: -25px;\r\n    }\r\n    .value3 {\r\n        top: 60px;\r\n        left: -25px;\r\n    }\r\n    .text-circle-2 {\r\n        right: -15px;\r\n        top: -30px;\r\n    }\r\n    .text-circle-3 {\r\n        left: -15px;\r\n        top: -30px;\r\n    }\r\n    .text-circle-1 {\r\n        bottom: -20px;\r\n        left: 0;\r\n    }\r\n    .text-circle-5 {\r\n        bottom: -20px;\r\n        right: 0;\r\n    }\r\n}\r\n    <\/style> <img src=\"http:\/\/textifull.com.co\/wp-content\/uploads\/2020\/05\/respect.png\" alt=\"\" \/> <strong>Respeto<\/strong> <img src=\"http:\/\/textifull.com.co\/wp-content\/uploads\/2020\/05\/service.png\" alt=\"\" \/> <strong>Servicio<\/strong> <img src=\"http:\/\/textifull.com.co\/wp-content\/uploads\/2020\/05\/responsability.png\" alt=\"\" \/> <strong>Responsabilidad<\/strong> <img src=\"http:\/\/textifull.com.co\/wp-content\/uploads\/2020\/05\/trabajo_equipo.png\" alt=\"\" \/> <strong>Trabajo en equipo<\/strong> <img src=\"http:\/\/textifull.com.co\/wp-content\/uploads\/2020\/05\/innovation.png\" alt=\"\" \/> <strong>Innovaci\u00f3n<\/strong><\/p>\r\n<h2>Politicas de calidad<\/h2>\r\n<p>Mantener la satisfacci\u00f3n de nuestros clientes a trav\u00e9s de las relaciones brind\u00e1ndoles un portafolio de productos con niveles de innovaci\u00f3n, calidad y asequibilidad buscando una efectiva y eficiente gesti\u00f3n comercial.<\/p>\r\n<p>Basada en la \u00f3ptima implantaci\u00f3n de nuestros recursos que se enfocan en el respeto por su legalidad, gesti\u00f3n ambiental y social. Adem\u00e1s del mejoramiento continuo en los escenarios de nuestro que hacer diario.<\/p>\r\n<h2>Commitment to the environment<\/h2>\r\n<p>Para TEXTIFULL el compromiso con el medio ambiente es permanente, por ello contamos con una planta de tratamiento de agua, permitiendo la recirculaci\u00f3n y reutilizaci\u00f3n de esta, con la separaci\u00f3n de lodos y remoci\u00f3n de color, logrando cero vertimientos de agua pigmentada al alcantarillado publico.<\/p>\r\n<p>Hemos mantenido los ajustes necesarios para el control de emisiones atmosf\u00e9ricas por medio de la instalaci\u00f3n de una red de gas natural para nuestro proceso de termo fijado, que acompa\u00f1ado del uso y aplicaci\u00f3n de productos qu\u00edmicos ecol\u00f3gicos y el constante mantenimiento preventivo de nuestros equipos electr\u00f3nicos, nos permite de una manera eficiente mejorar las emisiones y la protecci\u00f3n de nuestros empleados.<\/p>\r\n<p>Contamos con el apoyo de empresas certificadas y personal autorizado para la recolecci\u00f3n de materiales reciclables y productos peligrosos. Su separaci\u00f3n y adecuado almacenamiento hacen parte de nuestro compromiso en la seguridad y sostenibilidad del medio ambiente.<\/p>\r\n<\/div><!-- .vgblk-rw-wrapper -->","protected":false},"excerpt":{"rendered":"<p>Nuestros valores En TEXTIFULL los valores se ven reflejados en unificar y fortalecer las pr\u00e1cticas empresariales para cumplir con altos estandares morales y profesionales, los cuales estan estipulados en nuestro C\u00d3DIGO DE \u00c9TICA Y CONDUCTA. Respeto Servicio Responsabilidad Trabajo en equipo Innovaci\u00f3n Politicas de calidad Mantener la satisfacci\u00f3n de nuestros clientes a trav\u00e9s de las&#8230;<\/p>","protected":false},"author":1,"featured_media":0,"parent":0,"menu_order":0,"comment_status":"closed","ping_status":"closed","template":"","meta":[],"yoast_head":"<!-- This site is optimized with the Yoast SEO plugin v18.0 - https:\/\/yoast.com\/wordpress\/plugins\/seo\/ -->\n<title>Politicas - | TextiFull<\/title>\n<meta name=\"description\" content=\"TextiFull Politicas -\" \/>\n<meta name=\"robots\" content=\"index, follow, max-snippet:-1, max-image-preview:large, max-video-preview:-1\" \/>\n<link rel=\"canonical\" href=\"https:\/\/textifull.com.co\/eng\/politicas\/\" \/>\n<meta property=\"og:locale\" content=\"en_US\" \/>\n<meta property=\"og:type\" content=\"article\" \/>\n<meta property=\"og:title\" content=\"Politicas - | TextiFull\" \/>\n<meta property=\"og:description\" content=\"TextiFull Politicas -\" \/>\n<meta property=\"og:url\" content=\"https:\/\/textifull.com.co\/eng\/politicas\/\" \/>\n<meta property=\"og:site_name\" content=\"TextiFull\" \/>\n<meta property=\"article:modified_time\" content=\"2024-06-19T22:38:15+00:00\" \/>\n<meta property=\"og:image\" content=\"http:\/\/textifull.com.co\/wp-content\/uploads\/2020\/05\/respect.png\" \/>\n<meta name=\"twitter:card\" content=\"summary_large_image\" \/>\n<meta name=\"twitter:label1\" content=\"Est. reading time\" \/>\n\t<meta name=\"twitter:data1\" content=\"3 minutes\" \/>\n<script type=\"application\/ld+json\" class=\"yoast-schema-graph\">{\"@context\":\"https:\/\/schema.org\",\"@graph\":[{\"@type\":\"Organization\",\"@id\":\"https:\/\/textifull.com.co\/#organization\",\"name\":\"TextiFull\",\"url\":\"https:\/\/textifull.com.co\/\",\"sameAs\":[],\"logo\":{\"@type\":\"ImageObject\",\"@id\":\"https:\/\/textifull.com.co\/#logo\",\"inLanguage\":\"en-US\",\"url\":\"https:\/\/textifull.com.co\/wp-content\/uploads\/2020\/07\/logo-textifull-512x512-1.png\",\"contentUrl\":\"https:\/\/textifull.com.co\/wp-content\/uploads\/2020\/07\/logo-textifull-512x512-1.png\",\"width\":513,\"height\":513,\"caption\":\"TextiFull\"},\"image\":{\"@id\":\"https:\/\/textifull.com.co\/#logo\"}},{\"@type\":\"WebSite\",\"@id\":\"https:\/\/textifull.com.co\/#website\",\"url\":\"https:\/\/textifull.com.co\/\",\"name\":\"TextiFull\",\"description\":\"\",\"publisher\":{\"@id\":\"https:\/\/textifull.com.co\/#organization\"},\"potentialAction\":[{\"@type\":\"SearchAction\",\"target\":{\"@type\":\"EntryPoint\",\"urlTemplate\":\"https:\/\/textifull.com.co\/?s={search_term_string}\"},\"query-input\":\"required name=search_term_string\"}],\"inLanguage\":\"en-US\"},{\"@type\":\"ImageObject\",\"@id\":\"https:\/\/textifull.com.co\/politicas\/#primaryimage\",\"inLanguage\":\"en-US\",\"url\":\"http:\/\/textifull.com.co\/wp-content\/uploads\/2020\/05\/respect.png\",\"contentUrl\":\"http:\/\/textifull.com.co\/wp-content\/uploads\/2020\/05\/respect.png\"},{\"@type\":\"WebPage\",\"@id\":\"https:\/\/textifull.com.co\/politicas\/#webpage\",\"url\":\"https:\/\/textifull.com.co\/politicas\/\",\"name\":\"Politicas - | TextiFull\",\"isPartOf\":{\"@id\":\"https:\/\/textifull.com.co\/#website\"},\"primaryImageOfPage\":{\"@id\":\"https:\/\/textifull.com.co\/politicas\/#primaryimage\"},\"datePublished\":\"2017-04-21T10:20:39+00:00\",\"dateModified\":\"2024-06-19T22:38:15+00:00\",\"description\":\"TextiFull Politicas -\",\"breadcrumb\":{\"@id\":\"https:\/\/textifull.com.co\/politicas\/#breadcrumb\"},\"inLanguage\":\"en-US\",\"potentialAction\":[{\"@type\":\"ReadAction\",\"target\":[\"https:\/\/textifull.com.co\/politicas\/\"]}]},{\"@type\":\"BreadcrumbList\",\"@id\":\"https:\/\/textifull.com.co\/politicas\/#breadcrumb\",\"itemListElement\":[{\"@type\":\"ListItem\",\"position\":1,\"name\":\"Home\",\"item\":\"https:\/\/textifull.com.co\/\"},{\"@type\":\"ListItem\",\"position\":2,\"name\":\"Politicas &#8211;\"}]}]}<\/script>\n<!-- \/ Yoast SEO plugin. -->","yoast_head_json":{"title":"Politicas - | TextiFull","description":"TextiFull Politicas -","robots":{"index":"index","follow":"follow","max-snippet":"max-snippet:-1","max-image-preview":"max-image-preview:large","max-video-preview":"max-video-preview:-1"},"canonical":"https:\/\/textifull.com.co\/eng\/politicas\/","og_locale":"en_US","og_type":"article","og_title":"Politicas - | TextiFull","og_description":"TextiFull Politicas -","og_url":"https:\/\/textifull.com.co\/eng\/politicas\/","og_site_name":"TextiFull","article_modified_time":"2024-06-19T22:38:15+00:00","og_image":[{"url":"http:\/\/textifull.com.co\/wp-content\/uploads\/2020\/05\/respect.png"}],"twitter_card":"summary_large_image","twitter_misc":{"Est. reading time":"3 minutes"},"schema":{"@context":"https:\/\/schema.org","@graph":[{"@type":"Organization","@id":"https:\/\/textifull.com.co\/#organization","name":"TextiFull","url":"https:\/\/textifull.com.co\/","sameAs":[],"logo":{"@type":"ImageObject","@id":"https:\/\/textifull.com.co\/#logo","inLanguage":"en-US","url":"https:\/\/textifull.com.co\/wp-content\/uploads\/2020\/07\/logo-textifull-512x512-1.png","contentUrl":"https:\/\/textifull.com.co\/wp-content\/uploads\/2020\/07\/logo-textifull-512x512-1.png","width":513,"height":513,"caption":"TextiFull"},"image":{"@id":"https:\/\/textifull.com.co\/#logo"}},{"@type":"WebSite","@id":"https:\/\/textifull.com.co\/#website","url":"https:\/\/textifull.com.co\/","name":"TextiFull","description":"","publisher":{"@id":"https:\/\/textifull.com.co\/#organization"},"potentialAction":[{"@type":"SearchAction","target":{"@type":"EntryPoint","urlTemplate":"https:\/\/textifull.com.co\/?s={search_term_string}"},"query-input":"required name=search_term_string"}],"inLanguage":"en-US"},{"@type":"ImageObject","@id":"https:\/\/textifull.com.co\/politicas\/#primaryimage","inLanguage":"en-US","url":"http:\/\/textifull.com.co\/wp-content\/uploads\/2020\/05\/respect.png","contentUrl":"http:\/\/textifull.com.co\/wp-content\/uploads\/2020\/05\/respect.png"},{"@type":"WebPage","@id":"https:\/\/textifull.com.co\/politicas\/#webpage","url":"https:\/\/textifull.com.co\/politicas\/","name":"Politicas - | TextiFull","isPartOf":{"@id":"https:\/\/textifull.com.co\/#website"},"primaryImageOfPage":{"@id":"https:\/\/textifull.com.co\/politicas\/#primaryimage"},"datePublished":"2017-04-21T10:20:39+00:00","dateModified":"2024-06-19T22:38:15+00:00","description":"TextiFull Politicas -","breadcrumb":{"@id":"https:\/\/textifull.com.co\/politicas\/#breadcrumb"},"inLanguage":"en-US","potentialAction":[{"@type":"ReadAction","target":["https:\/\/textifull.com.co\/politicas\/"]}]},{"@type":"BreadcrumbList","@id":"https:\/\/textifull.com.co\/politicas\/#breadcrumb","itemListElement":[{"@type":"ListItem","position":1,"name":"Home","item":"https:\/\/textifull.com.co\/"},{"@type":"ListItem","position":2,"name":"Politicas &#8211;"}]}]}},"jetpack_sharing_enabled":true,"_links":{"self":[{"href":"https:\/\/textifull.com.co\/eng\/wp-json\/wp\/v2\/pages\/12176"}],"collection":[{"href":"https:\/\/textifull.com.co\/eng\/wp-json\/wp\/v2\/pages"}],"about":[{"href":"https:\/\/textifull.com.co\/eng\/wp-json\/wp\/v2\/types\/page"}],"author":[{"embeddable":true,"href":"https:\/\/textifull.com.co\/eng\/wp-json\/wp\/v2\/users\/1"}],"replies":[{"embeddable":true,"href":"https:\/\/textifull.com.co\/eng\/wp-json\/wp\/v2\/comments?post=12176"}],"version-history":[{"count":26,"href":"https:\/\/textifull.com.co\/eng\/wp-json\/wp\/v2\/pages\/12176\/revisions"}],"predecessor-version":[{"id":18703,"href":"https:\/\/textifull.com.co\/eng\/wp-json\/wp\/v2\/pages\/12176\/revisions\/18703"}],"wp:attachment":[{"href":"https:\/\/textifull.com.co\/eng\/wp-json\/wp\/v2\/media?parent=12176"}],"curies":[{"name":"wp","href":"https:\/\/api.w.org\/{rel}","templated":true}]}}