{"id":17422,"date":"2020-06-01T16:54:09","date_gmt":"2020-06-01T16:54:09","guid":{"rendered":"https:\/\/logrospublicitarios.com\/clientes\/textifull.com.co\/?page_id=17422"},"modified":"2020-09-15T18:25:26","modified_gmt":"2020-09-15T18:25:26","slug":"mision-vision","status":"publish","type":"page","link":"https:\/\/textifull.com.co\/eng\/mision-vision\/","title":{"rendered":"Mission and vision statement"},"content":{"rendered":"<div class=\"vgblk-rw-wrapper limit-wrapper\">\n\t<h2>MISSION STATEMENT<\/h2>\n\t<p>We offer our clients the elaboration of quality garments that guarantee competitiveness, recognition and profitability. We are committed to the continuous improvement and development of people, contributing to the economic and social development of the country.<\/p>\n\t<h2>VISION STATEMENT<\/h2>\n\t<p>By 2023 we will be recognized at a national level, for the quality and competitiveness in the production of garments based on efficient and reliable production system design.<\/p>\n<\/div><!-- .vgblk-rw-wrapper -->","protected":false},"excerpt":{"rendered":"<p>MISI\u00d3N Ofrecemos a nuestros clientes la elaboraci\u00f3n de prendas de vestir con est\u00e1ndares de calidad que garantizan ser competitivos, reconocidos y rentables. Estamos comprometidos con el mejoramiento continuo y el desarrollo de las personas, contribuyendo al desarrollo econ\u00f3mico y social del pa\u00eds. VISI\u00d3N Para el 2023 seremos reconocidos a nivel nacional, por la calidad y&#8230;<\/p>","protected":false},"author":1,"featured_media":0,"parent":0,"menu_order":0,"comment_status":"closed","ping_status":"closed","template":"","meta":[],"yoast_head":"<!-- This site is optimized with the Yoast SEO plugin v18.0 - https:\/\/yoast.com\/wordpress\/plugins\/seo\/ -->\n<title>Misi\u00f3n y Visi\u00f3n | TextiFull<\/title>\n<meta name=\"description\" content=\"TextiFull Misi\u00f3n y Visi\u00f3n\" \/>\n<meta name=\"robots\" content=\"index, follow, max-snippet:-1, max-image-preview:large, max-video-preview:-1\" \/>\n<link rel=\"canonical\" href=\"https:\/\/textifull.com.co\/eng\/mision-vision\/\" \/>\n<meta property=\"og:locale\" content=\"en_US\" \/>\n<meta property=\"og:type\" content=\"article\" \/>\n<meta property=\"og:title\" content=\"Misi\u00f3n y Visi\u00f3n | TextiFull\" \/>\n<meta property=\"og:description\" content=\"TextiFull Misi\u00f3n y Visi\u00f3n\" \/>\n<meta property=\"og:url\" content=\"https:\/\/textifull.com.co\/eng\/mision-vision\/\" \/>\n<meta property=\"og:site_name\" content=\"TextiFull\" \/>\n<meta property=\"article:modified_time\" content=\"2020-09-15T18:25:26+00:00\" \/>\n<meta name=\"twitter:card\" content=\"summary_large_image\" \/>\n<script type=\"application\/ld+json\" class=\"yoast-schema-graph\">{\"@context\":\"https:\/\/schema.org\",\"@graph\":[{\"@type\":\"Organization\",\"@id\":\"https:\/\/textifull.com.co\/#organization\",\"name\":\"TextiFull\",\"url\":\"https:\/\/textifull.com.co\/\",\"sameAs\":[],\"logo\":{\"@type\":\"ImageObject\",\"@id\":\"https:\/\/textifull.com.co\/#logo\",\"inLanguage\":\"en-US\",\"url\":\"https:\/\/textifull.com.co\/wp-content\/uploads\/2020\/07\/logo-textifull-512x512-1.png\",\"contentUrl\":\"https:\/\/textifull.com.co\/wp-content\/uploads\/2020\/07\/logo-textifull-512x512-1.png\",\"width\":513,\"height\":513,\"caption\":\"TextiFull\"},\"image\":{\"@id\":\"https:\/\/textifull.com.co\/#logo\"}},{\"@type\":\"WebSite\",\"@id\":\"https:\/\/textifull.com.co\/#website\",\"url\":\"https:\/\/textifull.com.co\/\",\"name\":\"TextiFull\",\"description\":\"\",\"publisher\":{\"@id\":\"https:\/\/textifull.com.co\/#organization\"},\"potentialAction\":[{\"@type\":\"SearchAction\",\"target\":{\"@type\":\"EntryPoint\",\"urlTemplate\":\"https:\/\/textifull.com.co\/?s={search_term_string}\"},\"query-input\":\"required name=search_term_string\"}],\"inLanguage\":\"en-US\"},{\"@type\":\"WebPage\",\"@id\":\"https:\/\/textifull.com.co\/mision-vision\/#webpage\",\"url\":\"https:\/\/textifull.com.co\/mision-vision\/\",\"name\":\"Misi\u00f3n y Visi\u00f3n | TextiFull\",\"isPartOf\":{\"@id\":\"https:\/\/textifull.com.co\/#website\"},\"datePublished\":\"2020-06-01T16:54:09+00:00\",\"dateModified\":\"2020-09-15T18:25:26+00:00\",\"description\":\"TextiFull Misi\u00f3n y Visi\u00f3n\",\"breadcrumb\":{\"@id\":\"https:\/\/textifull.com.co\/mision-vision\/#breadcrumb\"},\"inLanguage\":\"en-US\",\"potentialAction\":[{\"@type\":\"ReadAction\",\"target\":[\"https:\/\/textifull.com.co\/mision-vision\/\"]}]},{\"@type\":\"BreadcrumbList\",\"@id\":\"https:\/\/textifull.com.co\/mision-vision\/#breadcrumb\",\"itemListElement\":[{\"@type\":\"ListItem\",\"position\":1,\"name\":\"Home\",\"item\":\"https:\/\/textifull.com.co\/\"},{\"@type\":\"ListItem\",\"position\":2,\"name\":\"Misi\u00f3n y Visi\u00f3n\"}]}]}<\/script>\n<!-- \/ Yoast SEO plugin. -->","yoast_head_json":{"title":"Misi\u00f3n y Visi\u00f3n | TextiFull","description":"TextiFull Misi\u00f3n y Visi\u00f3n","robots":{"index":"index","follow":"follow","max-snippet":"max-snippet:-1","max-image-preview":"max-image-preview:large","max-video-preview":"max-video-preview:-1"},"canonical":"https:\/\/textifull.com.co\/eng\/mision-vision\/","og_locale":"en_US","og_type":"article","og_title":"Misi\u00f3n y Visi\u00f3n | TextiFull","og_description":"TextiFull Misi\u00f3n y Visi\u00f3n","og_url":"https:\/\/textifull.com.co\/eng\/mision-vision\/","og_site_name":"TextiFull","article_modified_time":"2020-09-15T18:25:26+00:00","twitter_card":"summary_large_image","schema":{"@context":"https:\/\/schema.org","@graph":[{"@type":"Organization","@id":"https:\/\/textifull.com.co\/#organization","name":"TextiFull","url":"https:\/\/textifull.com.co\/","sameAs":[],"logo":{"@type":"ImageObject","@id":"https:\/\/textifull.com.co\/#logo","inLanguage":"en-US","url":"https:\/\/textifull.com.co\/wp-content\/uploads\/2020\/07\/logo-textifull-512x512-1.png","contentUrl":"https:\/\/textifull.com.co\/wp-content\/uploads\/2020\/07\/logo-textifull-512x512-1.png","width":513,"height":513,"caption":"TextiFull"},"image":{"@id":"https:\/\/textifull.com.co\/#logo"}},{"@type":"WebSite","@id":"https:\/\/textifull.com.co\/#website","url":"https:\/\/textifull.com.co\/","name":"TextiFull","description":"","publisher":{"@id":"https:\/\/textifull.com.co\/#organization"},"potentialAction":[{"@type":"SearchAction","target":{"@type":"EntryPoint","urlTemplate":"https:\/\/textifull.com.co\/?s={search_term_string}"},"query-input":"required name=search_term_string"}],"inLanguage":"en-US"},{"@type":"WebPage","@id":"https:\/\/textifull.com.co\/mision-vision\/#webpage","url":"https:\/\/textifull.com.co\/mision-vision\/","name":"Misi\u00f3n y Visi\u00f3n | TextiFull","isPartOf":{"@id":"https:\/\/textifull.com.co\/#website"},"datePublished":"2020-06-01T16:54:09+00:00","dateModified":"2020-09-15T18:25:26+00:00","description":"TextiFull Misi\u00f3n y Visi\u00f3n","breadcrumb":{"@id":"https:\/\/textifull.com.co\/mision-vision\/#breadcrumb"},"inLanguage":"en-US","potentialAction":[{"@type":"ReadAction","target":["https:\/\/textifull.com.co\/mision-vision\/"]}]},{"@type":"BreadcrumbList","@id":"https:\/\/textifull.com.co\/mision-vision\/#breadcrumb","itemListElement":[{"@type":"ListItem","position":1,"name":"Home","item":"https:\/\/textifull.com.co\/"},{"@type":"ListItem","position":2,"name":"Misi\u00f3n y Visi\u00f3n"}]}]}},"jetpack_sharing_enabled":true,"_links":{"self":[{"href":"https:\/\/textifull.com.co\/eng\/wp-json\/wp\/v2\/pages\/17422"}],"collection":[{"href":"https:\/\/textifull.com.co\/eng\/wp-json\/wp\/v2\/pages"}],"about":[{"href":"https:\/\/textifull.com.co\/eng\/wp-json\/wp\/v2\/types\/page"}],"author":[{"embeddable":true,"href":"https:\/\/textifull.com.co\/eng\/wp-json\/wp\/v2\/users\/1"}],"replies":[{"embeddable":true,"href":"https:\/\/textifull.com.co\/eng\/wp-json\/wp\/v2\/comments?post=17422"}],"version-history":[{"count":9,"href":"https:\/\/textifull.com.co\/eng\/wp-json\/wp\/v2\/pages\/17422\/revisions"}],"predecessor-version":[{"id":17871,"href":"https:\/\/textifull.com.co\/eng\/wp-json\/wp\/v2\/pages\/17422\/revisions\/17871"}],"wp:attachment":[{"href":"https:\/\/textifull.com.co\/eng\/wp-json\/wp\/v2\/media?parent=17422"}],"curies":[{"name":"wp","href":"https:\/\/api.w.org\/{rel}","templated":true}]}}