{"id":17431,"date":"2020-06-01T17:22:30","date_gmt":"2020-06-01T17:22:30","guid":{"rendered":"https:\/\/logrospublicitarios.com\/clientes\/textifull.com.co\/?page_id=17431"},"modified":"2020-09-15T18:25:37","modified_gmt":"2020-09-15T18:25:37","slug":"politica-calidad","status":"publish","type":"page","link":"https:\/\/textifull.com.co\/eng\/politica-calidad\/","title":{"rendered":"Our quality policy"},"content":{"rendered":"<div class=\"vgblk-rw-wrapper limit-wrapper\">\n\t<h3>OUR QUALITY<\/h3>\n\t<h3>POLICY<\/h3>\n\t<p>Maintaining our customers' satisfaction by establishing closer business relationships, providing a portfolio of products with high levels of innovation, quality and affordability, and striving for effective and efficient business management and continuous improvement on performance.<\/p>\n\t<h3>CORE VALUES THAT SET US APART<\/h3>\n\t<h4>&#8211; RESPETO<\/h4>\n<h4>&#8211; SERVICIO<\/h4>\n<h4>&#8211; RESPONSABILIDAD<\/h4>\n<h4>&#8211; TRABAJO EN EQUIPO<\/h4>\n<h4>&#8211; INNOVACI\u00d3N<\/h4>\n\t<p class=\" translation-block\"><span style=\"font-weight: 400\">At <strong>TEXTIFULL<\/strong> these values are expressed by unifying and strengthening business practices that meet high <strong>moral and professional standards<\/strong>.<\/span><\/p>\n<\/div><!-- .vgblk-rw-wrapper -->","protected":false},"excerpt":{"rendered":"<p>NUESTRA POL\u00cdTICA DE CALIDAD Mantener la satisfacci\u00f3n de nuestros clientes a trav\u00e9s de las relaciones comerciales brind\u00e1ndoles un portafolio de productos con niveles de innovaci\u00f3n, calidad y asequibilidad buscando una efectiva y eficiente gesti\u00f3n comercial. Adem\u00e1s del mejoramiento continuo en los escenarios de nuestro quehacer diario. VALORES QUE NOS DIFERENCIAN &#8211; RESPETO &#8211; SERVICIO &#8211;&#8230;<\/p>","protected":false},"author":1,"featured_media":0,"parent":0,"menu_order":0,"comment_status":"closed","ping_status":"closed","template":"","meta":[],"yoast_head":"<!-- This site is optimized with the Yoast SEO plugin v18.0 - https:\/\/yoast.com\/wordpress\/plugins\/seo\/ -->\n<title>Pol\u00edtica de Calidad | TextiFull<\/title>\n<meta name=\"description\" content=\"TextiFull Pol\u00edtica de Calidad\" \/>\n<meta name=\"robots\" content=\"index, follow, max-snippet:-1, max-image-preview:large, max-video-preview:-1\" \/>\n<link rel=\"canonical\" href=\"https:\/\/textifull.com.co\/eng\/politica-calidad\/\" \/>\n<meta property=\"og:locale\" content=\"en_US\" \/>\n<meta property=\"og:type\" content=\"article\" \/>\n<meta property=\"og:title\" content=\"Pol\u00edtica de Calidad | TextiFull\" \/>\n<meta property=\"og:description\" content=\"TextiFull Pol\u00edtica de Calidad\" \/>\n<meta property=\"og:url\" content=\"https:\/\/textifull.com.co\/eng\/politica-calidad\/\" \/>\n<meta property=\"og:site_name\" content=\"TextiFull\" \/>\n<meta property=\"article:modified_time\" content=\"2020-09-15T18:25:37+00:00\" \/>\n<meta name=\"twitter:card\" content=\"summary_large_image\" \/>\n<script type=\"application\/ld+json\" class=\"yoast-schema-graph\">{\"@context\":\"https:\/\/schema.org\",\"@graph\":[{\"@type\":\"Organization\",\"@id\":\"https:\/\/textifull.com.co\/#organization\",\"name\":\"TextiFull\",\"url\":\"https:\/\/textifull.com.co\/\",\"sameAs\":[],\"logo\":{\"@type\":\"ImageObject\",\"@id\":\"https:\/\/textifull.com.co\/#logo\",\"inLanguage\":\"en-US\",\"url\":\"https:\/\/textifull.com.co\/wp-content\/uploads\/2020\/07\/logo-textifull-512x512-1.png\",\"contentUrl\":\"https:\/\/textifull.com.co\/wp-content\/uploads\/2020\/07\/logo-textifull-512x512-1.png\",\"width\":513,\"height\":513,\"caption\":\"TextiFull\"},\"image\":{\"@id\":\"https:\/\/textifull.com.co\/#logo\"}},{\"@type\":\"WebSite\",\"@id\":\"https:\/\/textifull.com.co\/#website\",\"url\":\"https:\/\/textifull.com.co\/\",\"name\":\"TextiFull\",\"description\":\"\",\"publisher\":{\"@id\":\"https:\/\/textifull.com.co\/#organization\"},\"potentialAction\":[{\"@type\":\"SearchAction\",\"target\":{\"@type\":\"EntryPoint\",\"urlTemplate\":\"https:\/\/textifull.com.co\/?s={search_term_string}\"},\"query-input\":\"required name=search_term_string\"}],\"inLanguage\":\"en-US\"},{\"@type\":\"WebPage\",\"@id\":\"https:\/\/textifull.com.co\/politica-calidad\/#webpage\",\"url\":\"https:\/\/textifull.com.co\/politica-calidad\/\",\"name\":\"Pol\u00edtica de Calidad | TextiFull\",\"isPartOf\":{\"@id\":\"https:\/\/textifull.com.co\/#website\"},\"datePublished\":\"2020-06-01T17:22:30+00:00\",\"dateModified\":\"2020-09-15T18:25:37+00:00\",\"description\":\"TextiFull Pol\u00edtica de Calidad\",\"breadcrumb\":{\"@id\":\"https:\/\/textifull.com.co\/politica-calidad\/#breadcrumb\"},\"inLanguage\":\"en-US\",\"potentialAction\":[{\"@type\":\"ReadAction\",\"target\":[\"https:\/\/textifull.com.co\/politica-calidad\/\"]}]},{\"@type\":\"BreadcrumbList\",\"@id\":\"https:\/\/textifull.com.co\/politica-calidad\/#breadcrumb\",\"itemListElement\":[{\"@type\":\"ListItem\",\"position\":1,\"name\":\"Home\",\"item\":\"https:\/\/textifull.com.co\/\"},{\"@type\":\"ListItem\",\"position\":2,\"name\":\"Pol\u00edtica de Calidad\"}]}]}<\/script>\n<!-- \/ Yoast SEO plugin. -->","yoast_head_json":{"title":"Pol\u00edtica de Calidad | TextiFull","description":"TextiFull Pol\u00edtica de Calidad","robots":{"index":"index","follow":"follow","max-snippet":"max-snippet:-1","max-image-preview":"max-image-preview:large","max-video-preview":"max-video-preview:-1"},"canonical":"https:\/\/textifull.com.co\/eng\/politica-calidad\/","og_locale":"en_US","og_type":"article","og_title":"Pol\u00edtica de Calidad | TextiFull","og_description":"TextiFull Pol\u00edtica de Calidad","og_url":"https:\/\/textifull.com.co\/eng\/politica-calidad\/","og_site_name":"TextiFull","article_modified_time":"2020-09-15T18:25:37+00:00","twitter_card":"summary_large_image","schema":{"@context":"https:\/\/schema.org","@graph":[{"@type":"Organization","@id":"https:\/\/textifull.com.co\/#organization","name":"TextiFull","url":"https:\/\/textifull.com.co\/","sameAs":[],"logo":{"@type":"ImageObject","@id":"https:\/\/textifull.com.co\/#logo","inLanguage":"en-US","url":"https:\/\/textifull.com.co\/wp-content\/uploads\/2020\/07\/logo-textifull-512x512-1.png","contentUrl":"https:\/\/textifull.com.co\/wp-content\/uploads\/2020\/07\/logo-textifull-512x512-1.png","width":513,"height":513,"caption":"TextiFull"},"image":{"@id":"https:\/\/textifull.com.co\/#logo"}},{"@type":"WebSite","@id":"https:\/\/textifull.com.co\/#website","url":"https:\/\/textifull.com.co\/","name":"TextiFull","description":"","publisher":{"@id":"https:\/\/textifull.com.co\/#organization"},"potentialAction":[{"@type":"SearchAction","target":{"@type":"EntryPoint","urlTemplate":"https:\/\/textifull.com.co\/?s={search_term_string}"},"query-input":"required name=search_term_string"}],"inLanguage":"en-US"},{"@type":"WebPage","@id":"https:\/\/textifull.com.co\/politica-calidad\/#webpage","url":"https:\/\/textifull.com.co\/politica-calidad\/","name":"Pol\u00edtica de Calidad | TextiFull","isPartOf":{"@id":"https:\/\/textifull.com.co\/#website"},"datePublished":"2020-06-01T17:22:30+00:00","dateModified":"2020-09-15T18:25:37+00:00","description":"TextiFull Pol\u00edtica de Calidad","breadcrumb":{"@id":"https:\/\/textifull.com.co\/politica-calidad\/#breadcrumb"},"inLanguage":"en-US","potentialAction":[{"@type":"ReadAction","target":["https:\/\/textifull.com.co\/politica-calidad\/"]}]},{"@type":"BreadcrumbList","@id":"https:\/\/textifull.com.co\/politica-calidad\/#breadcrumb","itemListElement":[{"@type":"ListItem","position":1,"name":"Home","item":"https:\/\/textifull.com.co\/"},{"@type":"ListItem","position":2,"name":"Pol\u00edtica de Calidad"}]}]}},"jetpack_sharing_enabled":true,"_links":{"self":[{"href":"https:\/\/textifull.com.co\/eng\/wp-json\/wp\/v2\/pages\/17431"}],"collection":[{"href":"https:\/\/textifull.com.co\/eng\/wp-json\/wp\/v2\/pages"}],"about":[{"href":"https:\/\/textifull.com.co\/eng\/wp-json\/wp\/v2\/types\/page"}],"author":[{"embeddable":true,"href":"https:\/\/textifull.com.co\/eng\/wp-json\/wp\/v2\/users\/1"}],"replies":[{"embeddable":true,"href":"https:\/\/textifull.com.co\/eng\/wp-json\/wp\/v2\/comments?post=17431"}],"version-history":[{"count":11,"href":"https:\/\/textifull.com.co\/eng\/wp-json\/wp\/v2\/pages\/17431\/revisions"}],"predecessor-version":[{"id":17882,"href":"https:\/\/textifull.com.co\/eng\/wp-json\/wp\/v2\/pages\/17431\/revisions\/17882"}],"wp:attachment":[{"href":"https:\/\/textifull.com.co\/eng\/wp-json\/wp\/v2\/media?parent=17431"}],"curies":[{"name":"wp","href":"https:\/\/api.w.org\/{rel}","templated":true}]}}