{"id":17442,"date":"2020-06-01T18:33:18","date_gmt":"2020-06-01T18:33:18","guid":{"rendered":"https:\/\/logrospublicitarios.com\/clientes\/textifull.com.co\/?page_id=17442"},"modified":"2020-09-16T19:17:20","modified_gmt":"2020-09-16T19:17:20","slug":"compromiso-ambiental","status":"publish","type":"page","link":"https:\/\/textifull.com.co\/eng\/compromiso-ambiental\/","title":{"rendered":"Commitment to the environment"},"content":{"rendered":"<div class=\"vgblk-rw-wrapper limit-wrapper\">\n\t<p>COMMITMENT TO <strong>THE ENVIRONMENT<\/strong><\/p>\n\t<p class=\" translation-block\"><span style=\"font-weight: 400\">At <strong>TEXTIFULL<\/strong> our commitment to the environment is permanent, which is why we have a water treatment plant that separates waste and removes color, thus achieving zero discharge of pigmented water into the public sewer system.<\/p>\n<p>Additionally, our control of atmospheric emissions along with the use of eco-friendly products, and the regular preventive maintenance of our equipment, allow us to reduce emissions and protect our employees.<\/p>\n<p>We have also partnered with certified companies that collect recyclable materials and hazardous products.<\/p>\n<p><img loading=\"lazy\" src=\"http:\/\/textifull.com.co\/wp-content\/uploads\/2020\/06\/logosambientales.png\" alt=\"\" width=\"659\" height=\"147\" \/><\/p>\n<\/div><!-- .vgblk-rw-wrapper -->","protected":false},"excerpt":{"rendered":"<p>COMPROMISO AMBIENTAL Para TEXTIFULL el compromiso con el medio ambiente es permanente, por ello contamos con una planta de tratamiento de agua, permitiendo la recirculaci\u00f3n y reutilizaci\u00f3n de esta, con separaci\u00f3n de lodos y remoci\u00f3n de color, logrando cero vertimientos de agua pigmentada al alcantarillado p\u00fablico. Control de emisiones atmosf\u00e9ricas que acompa\u00f1ado del uso de&#8230;<\/p>","protected":false},"author":1,"featured_media":0,"parent":0,"menu_order":0,"comment_status":"closed","ping_status":"closed","template":"","meta":[],"yoast_head":"<!-- This site is optimized with the Yoast SEO plugin v18.0 - https:\/\/yoast.com\/wordpress\/plugins\/seo\/ -->\n<title>Compromiso Ambiental | TextiFull<\/title>\n<meta name=\"description\" content=\"TextiFull Compromiso Ambiental\" \/>\n<meta name=\"robots\" content=\"index, follow, max-snippet:-1, max-image-preview:large, max-video-preview:-1\" \/>\n<link rel=\"canonical\" href=\"https:\/\/textifull.com.co\/eng\/compromiso-ambiental\/\" \/>\n<meta property=\"og:locale\" content=\"en_US\" \/>\n<meta property=\"og:type\" content=\"article\" \/>\n<meta property=\"og:title\" content=\"Compromiso Ambiental | TextiFull\" \/>\n<meta property=\"og:description\" content=\"TextiFull Compromiso Ambiental\" \/>\n<meta property=\"og:url\" content=\"https:\/\/textifull.com.co\/eng\/compromiso-ambiental\/\" \/>\n<meta property=\"og:site_name\" content=\"TextiFull\" \/>\n<meta property=\"article:modified_time\" content=\"2020-09-16T19:17:20+00:00\" \/>\n<meta property=\"og:image\" content=\"http:\/\/textifull.com.co\/wp-content\/uploads\/2020\/06\/logosambientales.png\" \/>\n<meta name=\"twitter:card\" content=\"summary_large_image\" \/>\n<meta name=\"twitter:label1\" content=\"Est. reading time\" \/>\n\t<meta name=\"twitter:data1\" content=\"1 minute\" \/>\n<script type=\"application\/ld+json\" class=\"yoast-schema-graph\">{\"@context\":\"https:\/\/schema.org\",\"@graph\":[{\"@type\":\"Organization\",\"@id\":\"https:\/\/textifull.com.co\/#organization\",\"name\":\"TextiFull\",\"url\":\"https:\/\/textifull.com.co\/\",\"sameAs\":[],\"logo\":{\"@type\":\"ImageObject\",\"@id\":\"https:\/\/textifull.com.co\/#logo\",\"inLanguage\":\"en-US\",\"url\":\"https:\/\/textifull.com.co\/wp-content\/uploads\/2020\/07\/logo-textifull-512x512-1.png\",\"contentUrl\":\"https:\/\/textifull.com.co\/wp-content\/uploads\/2020\/07\/logo-textifull-512x512-1.png\",\"width\":513,\"height\":513,\"caption\":\"TextiFull\"},\"image\":{\"@id\":\"https:\/\/textifull.com.co\/#logo\"}},{\"@type\":\"WebSite\",\"@id\":\"https:\/\/textifull.com.co\/#website\",\"url\":\"https:\/\/textifull.com.co\/\",\"name\":\"TextiFull\",\"description\":\"\",\"publisher\":{\"@id\":\"https:\/\/textifull.com.co\/#organization\"},\"potentialAction\":[{\"@type\":\"SearchAction\",\"target\":{\"@type\":\"EntryPoint\",\"urlTemplate\":\"https:\/\/textifull.com.co\/?s={search_term_string}\"},\"query-input\":\"required name=search_term_string\"}],\"inLanguage\":\"en-US\"},{\"@type\":\"ImageObject\",\"@id\":\"https:\/\/textifull.com.co\/compromiso-ambiental\/#primaryimage\",\"inLanguage\":\"en-US\",\"url\":\"http:\/\/textifull.com.co\/wp-content\/uploads\/2020\/06\/logosambientales.png\",\"contentUrl\":\"http:\/\/textifull.com.co\/wp-content\/uploads\/2020\/06\/logosambientales.png\"},{\"@type\":\"WebPage\",\"@id\":\"https:\/\/textifull.com.co\/compromiso-ambiental\/#webpage\",\"url\":\"https:\/\/textifull.com.co\/compromiso-ambiental\/\",\"name\":\"Compromiso Ambiental | TextiFull\",\"isPartOf\":{\"@id\":\"https:\/\/textifull.com.co\/#website\"},\"primaryImageOfPage\":{\"@id\":\"https:\/\/textifull.com.co\/compromiso-ambiental\/#primaryimage\"},\"datePublished\":\"2020-06-01T18:33:18+00:00\",\"dateModified\":\"2020-09-16T19:17:20+00:00\",\"description\":\"TextiFull Compromiso Ambiental\",\"breadcrumb\":{\"@id\":\"https:\/\/textifull.com.co\/compromiso-ambiental\/#breadcrumb\"},\"inLanguage\":\"en-US\",\"potentialAction\":[{\"@type\":\"ReadAction\",\"target\":[\"https:\/\/textifull.com.co\/compromiso-ambiental\/\"]}]},{\"@type\":\"BreadcrumbList\",\"@id\":\"https:\/\/textifull.com.co\/compromiso-ambiental\/#breadcrumb\",\"itemListElement\":[{\"@type\":\"ListItem\",\"position\":1,\"name\":\"Home\",\"item\":\"https:\/\/textifull.com.co\/\"},{\"@type\":\"ListItem\",\"position\":2,\"name\":\"Compromiso Ambiental\"}]}]}<\/script>\n<!-- \/ Yoast SEO plugin. -->","yoast_head_json":{"title":"Compromiso Ambiental | TextiFull","description":"TextiFull Compromiso Ambiental","robots":{"index":"index","follow":"follow","max-snippet":"max-snippet:-1","max-image-preview":"max-image-preview:large","max-video-preview":"max-video-preview:-1"},"canonical":"https:\/\/textifull.com.co\/eng\/compromiso-ambiental\/","og_locale":"en_US","og_type":"article","og_title":"Compromiso Ambiental | TextiFull","og_description":"TextiFull Compromiso Ambiental","og_url":"https:\/\/textifull.com.co\/eng\/compromiso-ambiental\/","og_site_name":"TextiFull","article_modified_time":"2020-09-16T19:17:20+00:00","og_image":[{"url":"http:\/\/textifull.com.co\/wp-content\/uploads\/2020\/06\/logosambientales.png"}],"twitter_card":"summary_large_image","twitter_misc":{"Est. reading time":"1 minute"},"schema":{"@context":"https:\/\/schema.org","@graph":[{"@type":"Organization","@id":"https:\/\/textifull.com.co\/#organization","name":"TextiFull","url":"https:\/\/textifull.com.co\/","sameAs":[],"logo":{"@type":"ImageObject","@id":"https:\/\/textifull.com.co\/#logo","inLanguage":"en-US","url":"https:\/\/textifull.com.co\/wp-content\/uploads\/2020\/07\/logo-textifull-512x512-1.png","contentUrl":"https:\/\/textifull.com.co\/wp-content\/uploads\/2020\/07\/logo-textifull-512x512-1.png","width":513,"height":513,"caption":"TextiFull"},"image":{"@id":"https:\/\/textifull.com.co\/#logo"}},{"@type":"WebSite","@id":"https:\/\/textifull.com.co\/#website","url":"https:\/\/textifull.com.co\/","name":"TextiFull","description":"","publisher":{"@id":"https:\/\/textifull.com.co\/#organization"},"potentialAction":[{"@type":"SearchAction","target":{"@type":"EntryPoint","urlTemplate":"https:\/\/textifull.com.co\/?s={search_term_string}"},"query-input":"required name=search_term_string"}],"inLanguage":"en-US"},{"@type":"ImageObject","@id":"https:\/\/textifull.com.co\/compromiso-ambiental\/#primaryimage","inLanguage":"en-US","url":"http:\/\/textifull.com.co\/wp-content\/uploads\/2020\/06\/logosambientales.png","contentUrl":"http:\/\/textifull.com.co\/wp-content\/uploads\/2020\/06\/logosambientales.png"},{"@type":"WebPage","@id":"https:\/\/textifull.com.co\/compromiso-ambiental\/#webpage","url":"https:\/\/textifull.com.co\/compromiso-ambiental\/","name":"Compromiso Ambiental | TextiFull","isPartOf":{"@id":"https:\/\/textifull.com.co\/#website"},"primaryImageOfPage":{"@id":"https:\/\/textifull.com.co\/compromiso-ambiental\/#primaryimage"},"datePublished":"2020-06-01T18:33:18+00:00","dateModified":"2020-09-16T19:17:20+00:00","description":"TextiFull Compromiso Ambiental","breadcrumb":{"@id":"https:\/\/textifull.com.co\/compromiso-ambiental\/#breadcrumb"},"inLanguage":"en-US","potentialAction":[{"@type":"ReadAction","target":["https:\/\/textifull.com.co\/compromiso-ambiental\/"]}]},{"@type":"BreadcrumbList","@id":"https:\/\/textifull.com.co\/compromiso-ambiental\/#breadcrumb","itemListElement":[{"@type":"ListItem","position":1,"name":"Home","item":"https:\/\/textifull.com.co\/"},{"@type":"ListItem","position":2,"name":"Compromiso Ambiental"}]}]}},"jetpack_sharing_enabled":true,"_links":{"self":[{"href":"https:\/\/textifull.com.co\/eng\/wp-json\/wp\/v2\/pages\/17442"}],"collection":[{"href":"https:\/\/textifull.com.co\/eng\/wp-json\/wp\/v2\/pages"}],"about":[{"href":"https:\/\/textifull.com.co\/eng\/wp-json\/wp\/v2\/types\/page"}],"author":[{"embeddable":true,"href":"https:\/\/textifull.com.co\/eng\/wp-json\/wp\/v2\/users\/1"}],"replies":[{"embeddable":true,"href":"https:\/\/textifull.com.co\/eng\/wp-json\/wp\/v2\/comments?post=17442"}],"version-history":[{"count":21,"href":"https:\/\/textifull.com.co\/eng\/wp-json\/wp\/v2\/pages\/17442\/revisions"}],"predecessor-version":[{"id":18691,"href":"https:\/\/textifull.com.co\/eng\/wp-json\/wp\/v2\/pages\/17442\/revisions\/18691"}],"wp:attachment":[{"href":"https:\/\/textifull.com.co\/eng\/wp-json\/wp\/v2\/media?parent=17442"}],"curies":[{"name":"wp","href":"https:\/\/api.w.org\/{rel}","templated":true}]}}