{"id":17466,"date":"2020-06-01T21:52:25","date_gmt":"2020-06-01T21:52:25","guid":{"rendered":"https:\/\/logrospublicitarios.com\/clientes\/textifull.com.co\/?page_id=17466"},"modified":"2020-09-18T20:25:29","modified_gmt":"2020-09-18T20:25:29","slug":"estampacion","status":"publish","type":"page","link":"https:\/\/textifull.com.co\/eng\/estampacion\/","title":{"rendered":"Printing"},"content":{"rendered":"<div class=\"vgblk-rw-wrapper limit-wrapper\">\n<h2><strong>PRINTING<\/strong><\/h2>\n<p>Our printing plant has two automatic \"SCREEN\" octopuses, 9- and a 4-color, working on a very different techniques like:\npuff, high density, polychromes, full areas, corrosion, plastisols; and shiny techniques such as glitters, foil and siliconized paper, among others. We are constantly looking for new trends in prints and graphics to improve this area every day.<\/p>\n<p>&nbsp;<\/p>\n<h2><strong>SUBLIMATION<\/strong><\/h2>\n<p>We offer the print sublimation process in piece with the best quality supplies, like papers and inks giving our products a very nitid graphics and also we can make with our machines the transfer lables for the garments offering in that way low costs in the process and high durability.<\/p>\n<p>&nbsp;<\/p>\n<\/div><!-- .vgblk-rw-wrapper -->","protected":false},"excerpt":{"rendered":"<p>ESTAMPACI\u00d3N La planta de estampaci\u00f3n cuenta con dos pulpos autom\u00e1ticos \u201cSCREEN\u201d, de 9 y 4 colores con t\u00e9cnicas como: puff, alta densidad, policrom\u00edas, full \u00e1reas, corrosiones, plastisoles; brillos como mirellas, papel foil y siliconados entre otros, con personal en constante capacitaci\u00f3n en estos procesos. &nbsp; SUBLIMADO Servicio de sublimaci\u00f3n en pieza con insumos de la&#8230;<\/p>","protected":false},"author":1,"featured_media":0,"parent":0,"menu_order":0,"comment_status":"closed","ping_status":"closed","template":"","meta":[],"yoast_head":"<!-- This site is optimized with the Yoast SEO plugin v18.0 - https:\/\/yoast.com\/wordpress\/plugins\/seo\/ -->\n<title>Estampaci\u00f3n | TextiFull<\/title>\n<meta name=\"description\" content=\"TextiFull Estampaci\u00f3n\" \/>\n<meta name=\"robots\" content=\"index, follow, max-snippet:-1, max-image-preview:large, max-video-preview:-1\" \/>\n<link rel=\"canonical\" href=\"https:\/\/textifull.com.co\/eng\/estampacion\/\" \/>\n<meta property=\"og:locale\" content=\"en_US\" \/>\n<meta property=\"og:type\" content=\"article\" \/>\n<meta property=\"og:title\" content=\"Estampaci\u00f3n | TextiFull\" \/>\n<meta property=\"og:description\" content=\"TextiFull Estampaci\u00f3n\" \/>\n<meta property=\"og:url\" content=\"https:\/\/textifull.com.co\/eng\/estampacion\/\" \/>\n<meta property=\"og:site_name\" content=\"TextiFull\" \/>\n<meta property=\"article:modified_time\" content=\"2020-09-18T20:25:29+00:00\" \/>\n<meta name=\"twitter:card\" content=\"summary_large_image\" \/>\n<script type=\"application\/ld+json\" class=\"yoast-schema-graph\">{\"@context\":\"https:\/\/schema.org\",\"@graph\":[{\"@type\":\"Organization\",\"@id\":\"https:\/\/textifull.com.co\/#organization\",\"name\":\"TextiFull\",\"url\":\"https:\/\/textifull.com.co\/\",\"sameAs\":[],\"logo\":{\"@type\":\"ImageObject\",\"@id\":\"https:\/\/textifull.com.co\/#logo\",\"inLanguage\":\"en-US\",\"url\":\"https:\/\/textifull.com.co\/wp-content\/uploads\/2020\/07\/logo-textifull-512x512-1.png\",\"contentUrl\":\"https:\/\/textifull.com.co\/wp-content\/uploads\/2020\/07\/logo-textifull-512x512-1.png\",\"width\":513,\"height\":513,\"caption\":\"TextiFull\"},\"image\":{\"@id\":\"https:\/\/textifull.com.co\/#logo\"}},{\"@type\":\"WebSite\",\"@id\":\"https:\/\/textifull.com.co\/#website\",\"url\":\"https:\/\/textifull.com.co\/\",\"name\":\"TextiFull\",\"description\":\"\",\"publisher\":{\"@id\":\"https:\/\/textifull.com.co\/#organization\"},\"potentialAction\":[{\"@type\":\"SearchAction\",\"target\":{\"@type\":\"EntryPoint\",\"urlTemplate\":\"https:\/\/textifull.com.co\/?s={search_term_string}\"},\"query-input\":\"required name=search_term_string\"}],\"inLanguage\":\"en-US\"},{\"@type\":\"WebPage\",\"@id\":\"https:\/\/textifull.com.co\/estampacion\/#webpage\",\"url\":\"https:\/\/textifull.com.co\/estampacion\/\",\"name\":\"Estampaci\u00f3n | TextiFull\",\"isPartOf\":{\"@id\":\"https:\/\/textifull.com.co\/#website\"},\"datePublished\":\"2020-06-01T21:52:25+00:00\",\"dateModified\":\"2020-09-18T20:25:29+00:00\",\"description\":\"TextiFull Estampaci\u00f3n\",\"breadcrumb\":{\"@id\":\"https:\/\/textifull.com.co\/estampacion\/#breadcrumb\"},\"inLanguage\":\"en-US\",\"potentialAction\":[{\"@type\":\"ReadAction\",\"target\":[\"https:\/\/textifull.com.co\/estampacion\/\"]}]},{\"@type\":\"BreadcrumbList\",\"@id\":\"https:\/\/textifull.com.co\/estampacion\/#breadcrumb\",\"itemListElement\":[{\"@type\":\"ListItem\",\"position\":1,\"name\":\"Home\",\"item\":\"https:\/\/textifull.com.co\/\"},{\"@type\":\"ListItem\",\"position\":2,\"name\":\"Estampaci\u00f3n\"}]}]}<\/script>\n<!-- \/ Yoast SEO plugin. -->","yoast_head_json":{"title":"Estampaci\u00f3n | TextiFull","description":"TextiFull Estampaci\u00f3n","robots":{"index":"index","follow":"follow","max-snippet":"max-snippet:-1","max-image-preview":"max-image-preview:large","max-video-preview":"max-video-preview:-1"},"canonical":"https:\/\/textifull.com.co\/eng\/estampacion\/","og_locale":"en_US","og_type":"article","og_title":"Estampaci\u00f3n | TextiFull","og_description":"TextiFull Estampaci\u00f3n","og_url":"https:\/\/textifull.com.co\/eng\/estampacion\/","og_site_name":"TextiFull","article_modified_time":"2020-09-18T20:25:29+00:00","twitter_card":"summary_large_image","schema":{"@context":"https:\/\/schema.org","@graph":[{"@type":"Organization","@id":"https:\/\/textifull.com.co\/#organization","name":"TextiFull","url":"https:\/\/textifull.com.co\/","sameAs":[],"logo":{"@type":"ImageObject","@id":"https:\/\/textifull.com.co\/#logo","inLanguage":"en-US","url":"https:\/\/textifull.com.co\/wp-content\/uploads\/2020\/07\/logo-textifull-512x512-1.png","contentUrl":"https:\/\/textifull.com.co\/wp-content\/uploads\/2020\/07\/logo-textifull-512x512-1.png","width":513,"height":513,"caption":"TextiFull"},"image":{"@id":"https:\/\/textifull.com.co\/#logo"}},{"@type":"WebSite","@id":"https:\/\/textifull.com.co\/#website","url":"https:\/\/textifull.com.co\/","name":"TextiFull","description":"","publisher":{"@id":"https:\/\/textifull.com.co\/#organization"},"potentialAction":[{"@type":"SearchAction","target":{"@type":"EntryPoint","urlTemplate":"https:\/\/textifull.com.co\/?s={search_term_string}"},"query-input":"required name=search_term_string"}],"inLanguage":"en-US"},{"@type":"WebPage","@id":"https:\/\/textifull.com.co\/estampacion\/#webpage","url":"https:\/\/textifull.com.co\/estampacion\/","name":"Estampaci\u00f3n | TextiFull","isPartOf":{"@id":"https:\/\/textifull.com.co\/#website"},"datePublished":"2020-06-01T21:52:25+00:00","dateModified":"2020-09-18T20:25:29+00:00","description":"TextiFull Estampaci\u00f3n","breadcrumb":{"@id":"https:\/\/textifull.com.co\/estampacion\/#breadcrumb"},"inLanguage":"en-US","potentialAction":[{"@type":"ReadAction","target":["https:\/\/textifull.com.co\/estampacion\/"]}]},{"@type":"BreadcrumbList","@id":"https:\/\/textifull.com.co\/estampacion\/#breadcrumb","itemListElement":[{"@type":"ListItem","position":1,"name":"Home","item":"https:\/\/textifull.com.co\/"},{"@type":"ListItem","position":2,"name":"Estampaci\u00f3n"}]}]}},"jetpack_sharing_enabled":true,"_links":{"self":[{"href":"https:\/\/textifull.com.co\/eng\/wp-json\/wp\/v2\/pages\/17466"}],"collection":[{"href":"https:\/\/textifull.com.co\/eng\/wp-json\/wp\/v2\/pages"}],"about":[{"href":"https:\/\/textifull.com.co\/eng\/wp-json\/wp\/v2\/types\/page"}],"author":[{"embeddable":true,"href":"https:\/\/textifull.com.co\/eng\/wp-json\/wp\/v2\/users\/1"}],"replies":[{"embeddable":true,"href":"https:\/\/textifull.com.co\/eng\/wp-json\/wp\/v2\/comments?post=17466"}],"version-history":[{"count":13,"href":"https:\/\/textifull.com.co\/eng\/wp-json\/wp\/v2\/pages\/17466\/revisions"}],"predecessor-version":[{"id":17899,"href":"https:\/\/textifull.com.co\/eng\/wp-json\/wp\/v2\/pages\/17466\/revisions\/17899"}],"wp:attachment":[{"href":"https:\/\/textifull.com.co\/eng\/wp-json\/wp\/v2\/media?parent=17466"}],"curies":[{"name":"wp","href":"https:\/\/api.w.org\/{rel}","templated":true}]}}