{"id":17477,"date":"2020-06-03T18:05:51","date_gmt":"2020-06-03T18:05:51","guid":{"rendered":"https:\/\/logrospublicitarios.com\/clientes\/textifull.com.co\/?page_id=17477"},"modified":"2020-09-23T17:54:17","modified_gmt":"2020-09-23T17:54:17","slug":"confeccion","status":"publish","type":"page","link":"https:\/\/textifull.com.co\/eng\/confeccion\/","title":{"rendered":"MANUFACTURING"},"content":{"rendered":"<div class=\"vgblk-rw-wrapper limit-wrapper\">\n<h2><strong>MANUFACTURING<\/strong><\/h2>\n<p>We operate our own state-of-the-art manufacturing plant, which is run by female heads of households who are committed to the quality of the garments we produce.<\/p>\n<p>&nbsp;<\/p>\n<\/div><!-- .vgblk-rw-wrapper -->","protected":false},"excerpt":{"rendered":"<p>CONFECCI\u00d3N Contamos con nuestra propia planta de confecci\u00f3n dotada con tecnolog\u00eda de punta y operada por mujeres cabeza de familia comprometidas con la buena calidad de las prendas que producimos. &nbsp;<\/p>","protected":false},"author":1,"featured_media":0,"parent":0,"menu_order":0,"comment_status":"closed","ping_status":"closed","template":"","meta":[],"yoast_head":"<!-- This site is optimized with the Yoast SEO plugin v18.0 - https:\/\/yoast.com\/wordpress\/plugins\/seo\/ -->\n<title>CONFECCI\u00d3N | TextiFull<\/title>\n<meta name=\"description\" content=\"TextiFull CONFECCI\u00d3N\" \/>\n<meta name=\"robots\" content=\"index, follow, max-snippet:-1, max-image-preview:large, max-video-preview:-1\" \/>\n<link rel=\"canonical\" href=\"https:\/\/textifull.com.co\/eng\/confeccion\/\" \/>\n<meta property=\"og:locale\" content=\"en_US\" \/>\n<meta property=\"og:type\" content=\"article\" \/>\n<meta property=\"og:title\" content=\"CONFECCI\u00d3N | TextiFull\" \/>\n<meta property=\"og:description\" content=\"TextiFull CONFECCI\u00d3N\" \/>\n<meta property=\"og:url\" content=\"https:\/\/textifull.com.co\/eng\/confeccion\/\" \/>\n<meta property=\"og:site_name\" content=\"TextiFull\" \/>\n<meta property=\"article:modified_time\" content=\"2020-09-23T17:54:17+00:00\" \/>\n<meta name=\"twitter:card\" content=\"summary_large_image\" \/>\n<script type=\"application\/ld+json\" class=\"yoast-schema-graph\">{\"@context\":\"https:\/\/schema.org\",\"@graph\":[{\"@type\":\"Organization\",\"@id\":\"https:\/\/textifull.com.co\/#organization\",\"name\":\"TextiFull\",\"url\":\"https:\/\/textifull.com.co\/\",\"sameAs\":[],\"logo\":{\"@type\":\"ImageObject\",\"@id\":\"https:\/\/textifull.com.co\/#logo\",\"inLanguage\":\"en-US\",\"url\":\"https:\/\/textifull.com.co\/wp-content\/uploads\/2020\/07\/logo-textifull-512x512-1.png\",\"contentUrl\":\"https:\/\/textifull.com.co\/wp-content\/uploads\/2020\/07\/logo-textifull-512x512-1.png\",\"width\":513,\"height\":513,\"caption\":\"TextiFull\"},\"image\":{\"@id\":\"https:\/\/textifull.com.co\/#logo\"}},{\"@type\":\"WebSite\",\"@id\":\"https:\/\/textifull.com.co\/#website\",\"url\":\"https:\/\/textifull.com.co\/\",\"name\":\"TextiFull\",\"description\":\"\",\"publisher\":{\"@id\":\"https:\/\/textifull.com.co\/#organization\"},\"potentialAction\":[{\"@type\":\"SearchAction\",\"target\":{\"@type\":\"EntryPoint\",\"urlTemplate\":\"https:\/\/textifull.com.co\/?s={search_term_string}\"},\"query-input\":\"required name=search_term_string\"}],\"inLanguage\":\"en-US\"},{\"@type\":\"WebPage\",\"@id\":\"https:\/\/textifull.com.co\/confeccion\/#webpage\",\"url\":\"https:\/\/textifull.com.co\/confeccion\/\",\"name\":\"CONFECCI\u00d3N | TextiFull\",\"isPartOf\":{\"@id\":\"https:\/\/textifull.com.co\/#website\"},\"datePublished\":\"2020-06-03T18:05:51+00:00\",\"dateModified\":\"2020-09-23T17:54:17+00:00\",\"description\":\"TextiFull CONFECCI\u00d3N\",\"breadcrumb\":{\"@id\":\"https:\/\/textifull.com.co\/confeccion\/#breadcrumb\"},\"inLanguage\":\"en-US\",\"potentialAction\":[{\"@type\":\"ReadAction\",\"target\":[\"https:\/\/textifull.com.co\/confeccion\/\"]}]},{\"@type\":\"BreadcrumbList\",\"@id\":\"https:\/\/textifull.com.co\/confeccion\/#breadcrumb\",\"itemListElement\":[{\"@type\":\"ListItem\",\"position\":1,\"name\":\"Home\",\"item\":\"https:\/\/textifull.com.co\/\"},{\"@type\":\"ListItem\",\"position\":2,\"name\":\"CONFECCI\u00d3N\"}]}]}<\/script>\n<!-- \/ Yoast SEO plugin. -->","yoast_head_json":{"title":"CONFECCI\u00d3N | TextiFull","description":"TextiFull CONFECCI\u00d3N","robots":{"index":"index","follow":"follow","max-snippet":"max-snippet:-1","max-image-preview":"max-image-preview:large","max-video-preview":"max-video-preview:-1"},"canonical":"https:\/\/textifull.com.co\/eng\/confeccion\/","og_locale":"en_US","og_type":"article","og_title":"CONFECCI\u00d3N | TextiFull","og_description":"TextiFull CONFECCI\u00d3N","og_url":"https:\/\/textifull.com.co\/eng\/confeccion\/","og_site_name":"TextiFull","article_modified_time":"2020-09-23T17:54:17+00:00","twitter_card":"summary_large_image","schema":{"@context":"https:\/\/schema.org","@graph":[{"@type":"Organization","@id":"https:\/\/textifull.com.co\/#organization","name":"TextiFull","url":"https:\/\/textifull.com.co\/","sameAs":[],"logo":{"@type":"ImageObject","@id":"https:\/\/textifull.com.co\/#logo","inLanguage":"en-US","url":"https:\/\/textifull.com.co\/wp-content\/uploads\/2020\/07\/logo-textifull-512x512-1.png","contentUrl":"https:\/\/textifull.com.co\/wp-content\/uploads\/2020\/07\/logo-textifull-512x512-1.png","width":513,"height":513,"caption":"TextiFull"},"image":{"@id":"https:\/\/textifull.com.co\/#logo"}},{"@type":"WebSite","@id":"https:\/\/textifull.com.co\/#website","url":"https:\/\/textifull.com.co\/","name":"TextiFull","description":"","publisher":{"@id":"https:\/\/textifull.com.co\/#organization"},"potentialAction":[{"@type":"SearchAction","target":{"@type":"EntryPoint","urlTemplate":"https:\/\/textifull.com.co\/?s={search_term_string}"},"query-input":"required name=search_term_string"}],"inLanguage":"en-US"},{"@type":"WebPage","@id":"https:\/\/textifull.com.co\/confeccion\/#webpage","url":"https:\/\/textifull.com.co\/confeccion\/","name":"CONFECCI\u00d3N | TextiFull","isPartOf":{"@id":"https:\/\/textifull.com.co\/#website"},"datePublished":"2020-06-03T18:05:51+00:00","dateModified":"2020-09-23T17:54:17+00:00","description":"TextiFull CONFECCI\u00d3N","breadcrumb":{"@id":"https:\/\/textifull.com.co\/confeccion\/#breadcrumb"},"inLanguage":"en-US","potentialAction":[{"@type":"ReadAction","target":["https:\/\/textifull.com.co\/confeccion\/"]}]},{"@type":"BreadcrumbList","@id":"https:\/\/textifull.com.co\/confeccion\/#breadcrumb","itemListElement":[{"@type":"ListItem","position":1,"name":"Home","item":"https:\/\/textifull.com.co\/"},{"@type":"ListItem","position":2,"name":"CONFECCI\u00d3N"}]}]}},"jetpack_sharing_enabled":true,"_links":{"self":[{"href":"https:\/\/textifull.com.co\/eng\/wp-json\/wp\/v2\/pages\/17477"}],"collection":[{"href":"https:\/\/textifull.com.co\/eng\/wp-json\/wp\/v2\/pages"}],"about":[{"href":"https:\/\/textifull.com.co\/eng\/wp-json\/wp\/v2\/types\/page"}],"author":[{"embeddable":true,"href":"https:\/\/textifull.com.co\/eng\/wp-json\/wp\/v2\/users\/1"}],"replies":[{"embeddable":true,"href":"https:\/\/textifull.com.co\/eng\/wp-json\/wp\/v2\/comments?post=17477"}],"version-history":[{"count":21,"href":"https:\/\/textifull.com.co\/eng\/wp-json\/wp\/v2\/pages\/17477\/revisions"}],"predecessor-version":[{"id":17897,"href":"https:\/\/textifull.com.co\/eng\/wp-json\/wp\/v2\/pages\/17477\/revisions\/17897"}],"wp:attachment":[{"href":"https:\/\/textifull.com.co\/eng\/wp-json\/wp\/v2\/media?parent=17477"}],"curies":[{"name":"wp","href":"https:\/\/api.w.org\/{rel}","templated":true}]}}