{"id":17837,"date":"2020-06-16T16:11:28","date_gmt":"2020-06-16T16:11:28","guid":{"rendered":"https:\/\/logrospublicitarios.com\/clientes\/textifull.com.co\/?page_id=17837"},"modified":"2020-09-15T18:25:23","modified_gmt":"2020-09-15T18:25:23","slug":"quienes-somos","status":"publish","type":"page","link":"https:\/\/textifull.com.co\/eng\/quienes-somos\/","title":{"rendered":"Who are we?"},"content":{"rendered":"<div class=\"vgblk-rw-wrapper limit-wrapper\"><h2>\n\tWHO ARE WE?\n\t<\/h2>\n\t<p>At textifull, our clients are strategic partners, they are our reason to exist as a company.\nWe work hard every day to ensure that all our processes achieve the highest quality standard, and we are looking to improve our operational efficiency in order to offer the most competitive products of the market loyalty, sustainability and satisfaction are the main concerns of our company.<\/p>\n<\/div><!-- .vgblk-rw-wrapper -->","protected":false},"excerpt":{"rendered":"<p>\u00bfQUIENES SOMOS? Somos una empresa dedicada a la producci\u00f3n y comercializaci\u00f3n de prendas de vestir en tejido de punto, mediante la modalidad de paquete completo. Estamos integrados verticalmente desde la producci\u00f3n de telas, dise\u00f1o de producto Femenino, Masculino e Infantil. Ofrecemos procesos de corte, estampaci\u00f3n, sublimaci\u00f3n en pieza y confecci\u00f3n. Contamos con un centro de&#8230;<\/p>","protected":false},"author":1,"featured_media":0,"parent":0,"menu_order":0,"comment_status":"closed","ping_status":"closed","template":"","meta":[],"yoast_head":"<!-- This site is optimized with the Yoast SEO plugin v18.0 - https:\/\/yoast.com\/wordpress\/plugins\/seo\/ -->\n<title>Quienes somos | TextiFull<\/title>\n<meta name=\"description\" content=\"TextiFull Quienes somos\" \/>\n<meta name=\"robots\" content=\"index, follow, max-snippet:-1, max-image-preview:large, max-video-preview:-1\" \/>\n<link rel=\"canonical\" href=\"https:\/\/textifull.com.co\/eng\/quienes-somos\/\" \/>\n<meta property=\"og:locale\" content=\"en_US\" \/>\n<meta property=\"og:type\" content=\"article\" \/>\n<meta property=\"og:title\" content=\"Quienes somos | TextiFull\" \/>\n<meta property=\"og:description\" content=\"TextiFull Quienes somos\" \/>\n<meta property=\"og:url\" content=\"https:\/\/textifull.com.co\/eng\/quienes-somos\/\" \/>\n<meta property=\"og:site_name\" content=\"TextiFull\" \/>\n<meta property=\"article:modified_time\" content=\"2020-09-15T18:25:23+00:00\" \/>\n<meta name=\"twitter:card\" content=\"summary_large_image\" \/>\n<script type=\"application\/ld+json\" class=\"yoast-schema-graph\">{\"@context\":\"https:\/\/schema.org\",\"@graph\":[{\"@type\":\"Organization\",\"@id\":\"https:\/\/textifull.com.co\/#organization\",\"name\":\"TextiFull\",\"url\":\"https:\/\/textifull.com.co\/\",\"sameAs\":[],\"logo\":{\"@type\":\"ImageObject\",\"@id\":\"https:\/\/textifull.com.co\/#logo\",\"inLanguage\":\"en-US\",\"url\":\"https:\/\/textifull.com.co\/wp-content\/uploads\/2020\/07\/logo-textifull-512x512-1.png\",\"contentUrl\":\"https:\/\/textifull.com.co\/wp-content\/uploads\/2020\/07\/logo-textifull-512x512-1.png\",\"width\":513,\"height\":513,\"caption\":\"TextiFull\"},\"image\":{\"@id\":\"https:\/\/textifull.com.co\/#logo\"}},{\"@type\":\"WebSite\",\"@id\":\"https:\/\/textifull.com.co\/#website\",\"url\":\"https:\/\/textifull.com.co\/\",\"name\":\"TextiFull\",\"description\":\"\",\"publisher\":{\"@id\":\"https:\/\/textifull.com.co\/#organization\"},\"potentialAction\":[{\"@type\":\"SearchAction\",\"target\":{\"@type\":\"EntryPoint\",\"urlTemplate\":\"https:\/\/textifull.com.co\/?s={search_term_string}\"},\"query-input\":\"required name=search_term_string\"}],\"inLanguage\":\"en-US\"},{\"@type\":\"WebPage\",\"@id\":\"https:\/\/textifull.com.co\/quienes-somos\/#webpage\",\"url\":\"https:\/\/textifull.com.co\/quienes-somos\/\",\"name\":\"Quienes somos | TextiFull\",\"isPartOf\":{\"@id\":\"https:\/\/textifull.com.co\/#website\"},\"datePublished\":\"2020-06-16T16:11:28+00:00\",\"dateModified\":\"2020-09-15T18:25:23+00:00\",\"description\":\"TextiFull Quienes somos\",\"breadcrumb\":{\"@id\":\"https:\/\/textifull.com.co\/quienes-somos\/#breadcrumb\"},\"inLanguage\":\"en-US\",\"potentialAction\":[{\"@type\":\"ReadAction\",\"target\":[\"https:\/\/textifull.com.co\/quienes-somos\/\"]}]},{\"@type\":\"BreadcrumbList\",\"@id\":\"https:\/\/textifull.com.co\/quienes-somos\/#breadcrumb\",\"itemListElement\":[{\"@type\":\"ListItem\",\"position\":1,\"name\":\"Home\",\"item\":\"https:\/\/textifull.com.co\/\"},{\"@type\":\"ListItem\",\"position\":2,\"name\":\"Quienes somos\"}]}]}<\/script>\n<!-- \/ Yoast SEO plugin. -->","yoast_head_json":{"title":"Quienes somos | TextiFull","description":"TextiFull Quienes somos","robots":{"index":"index","follow":"follow","max-snippet":"max-snippet:-1","max-image-preview":"max-image-preview:large","max-video-preview":"max-video-preview:-1"},"canonical":"https:\/\/textifull.com.co\/eng\/quienes-somos\/","og_locale":"en_US","og_type":"article","og_title":"Quienes somos | TextiFull","og_description":"TextiFull Quienes somos","og_url":"https:\/\/textifull.com.co\/eng\/quienes-somos\/","og_site_name":"TextiFull","article_modified_time":"2020-09-15T18:25:23+00:00","twitter_card":"summary_large_image","schema":{"@context":"https:\/\/schema.org","@graph":[{"@type":"Organization","@id":"https:\/\/textifull.com.co\/#organization","name":"TextiFull","url":"https:\/\/textifull.com.co\/","sameAs":[],"logo":{"@type":"ImageObject","@id":"https:\/\/textifull.com.co\/#logo","inLanguage":"en-US","url":"https:\/\/textifull.com.co\/wp-content\/uploads\/2020\/07\/logo-textifull-512x512-1.png","contentUrl":"https:\/\/textifull.com.co\/wp-content\/uploads\/2020\/07\/logo-textifull-512x512-1.png","width":513,"height":513,"caption":"TextiFull"},"image":{"@id":"https:\/\/textifull.com.co\/#logo"}},{"@type":"WebSite","@id":"https:\/\/textifull.com.co\/#website","url":"https:\/\/textifull.com.co\/","name":"TextiFull","description":"","publisher":{"@id":"https:\/\/textifull.com.co\/#organization"},"potentialAction":[{"@type":"SearchAction","target":{"@type":"EntryPoint","urlTemplate":"https:\/\/textifull.com.co\/?s={search_term_string}"},"query-input":"required name=search_term_string"}],"inLanguage":"en-US"},{"@type":"WebPage","@id":"https:\/\/textifull.com.co\/quienes-somos\/#webpage","url":"https:\/\/textifull.com.co\/quienes-somos\/","name":"Quienes somos | TextiFull","isPartOf":{"@id":"https:\/\/textifull.com.co\/#website"},"datePublished":"2020-06-16T16:11:28+00:00","dateModified":"2020-09-15T18:25:23+00:00","description":"TextiFull Quienes somos","breadcrumb":{"@id":"https:\/\/textifull.com.co\/quienes-somos\/#breadcrumb"},"inLanguage":"en-US","potentialAction":[{"@type":"ReadAction","target":["https:\/\/textifull.com.co\/quienes-somos\/"]}]},{"@type":"BreadcrumbList","@id":"https:\/\/textifull.com.co\/quienes-somos\/#breadcrumb","itemListElement":[{"@type":"ListItem","position":1,"name":"Home","item":"https:\/\/textifull.com.co\/"},{"@type":"ListItem","position":2,"name":"Quienes somos"}]}]}},"jetpack_sharing_enabled":true,"_links":{"self":[{"href":"https:\/\/textifull.com.co\/eng\/wp-json\/wp\/v2\/pages\/17837"}],"collection":[{"href":"https:\/\/textifull.com.co\/eng\/wp-json\/wp\/v2\/pages"}],"about":[{"href":"https:\/\/textifull.com.co\/eng\/wp-json\/wp\/v2\/types\/page"}],"author":[{"embeddable":true,"href":"https:\/\/textifull.com.co\/eng\/wp-json\/wp\/v2\/users\/1"}],"replies":[{"embeddable":true,"href":"https:\/\/textifull.com.co\/eng\/wp-json\/wp\/v2\/comments?post=17837"}],"version-history":[{"count":4,"href":"https:\/\/textifull.com.co\/eng\/wp-json\/wp\/v2\/pages\/17837\/revisions"}],"predecessor-version":[{"id":17889,"href":"https:\/\/textifull.com.co\/eng\/wp-json\/wp\/v2\/pages\/17837\/revisions\/17889"}],"wp:attachment":[{"href":"https:\/\/textifull.com.co\/eng\/wp-json\/wp\/v2\/media?parent=17837"}],"curies":[{"name":"wp","href":"https:\/\/api.w.org\/{rel}","templated":true}]}}