{"id":17878,"date":"2020-06-23T15:59:53","date_gmt":"2020-06-23T15:59:53","guid":{"rendered":"http:\/\/logrospublicitarios.com\/clientes\/textifull.com.co\/?page_id=17878"},"modified":"2020-09-18T20:27:46","modified_gmt":"2020-09-18T20:27:46","slug":"clientes-y-certificaciones","status":"publish","type":"page","link":"https:\/\/textifull.com.co\/eng\/clientes-y-certificaciones\/","title":{"rendered":"Clients and certifications"},"content":{"rendered":"<div class=\"vgblk-rw-wrapper limit-wrapper\">\n<h2>Our clients<\/h2>\nAt TEXTIFULL, our clients, as strategic allies, are our reason for being. We work to ensure that our processes meet high quality standards that improve operational efficiency in order to offer our clients competitive products.<br \/>\n<br \/>\nLoyalty, sustainability and satisfaction are the main concerns of our company.\n\t\t\t\t<a href=\"https:\/\/www.esprit.com.co\/\" target=\"_blank\" rel=\"noopener noreferrer\" itemprop=\"url\" title=\"esprit-logo-vector\">\n\t\t\t\t\t\t\t\t\t\t<img loading=\"lazy\" width=\"1200\" height=\"301\" src=\"http:\/\/textifull.com.co\/wp-content\/uploads\/2020\/05\/esprit-logo-vector.png\" alt=\"esprit-logo-vector\" itemprop=\"image\" data-link-type=\"url\" title=\"esprit-logo-vector\" onerror=\"this.style.display='none'\"  sizes=\"(max-width: 768px) 100vw, 100vw\" srcset=\"data:image\/svg+xml;utf8,&lt;svg%20xmlns=&quot;http:\/\/www.w3.org\/2000\/svg&quot;%20viewBox=&quot;0%200%201200%20301&quot;%20height=&quot;301px&quot;%20width=&quot;1200px&quot;\/&gt;\" data-srcset=\"https:\/\/textifull.com.co\/wp-content\/uploads\/2020\/05\/esprit-logo-vector.png 1200w, https:\/\/textifull.com.co\/wp-content\/uploads\/2020\/05\/esprit-logo-vector-300x75.png 300w, https:\/\/textifull.com.co\/wp-content\/uploads\/2020\/05\/esprit-logo-vector-1024x257.png 1024w, https:\/\/textifull.com.co\/wp-content\/uploads\/2020\/05\/esprit-logo-vector-768x193.png 768w, https:\/\/textifull.com.co\/wp-content\/uploads\/2020\/05\/esprit-logo-vector-630x158.png 630w, https:\/\/textifull.com.co\/wp-content\/uploads\/2020\/05\/esprit-logo-vector-420x105.png 420w, https:\/\/textifull.com.co\/wp-content\/uploads\/2020\/05\/esprit-logo-vector-840x211.png 840w, https:\/\/textifull.com.co\/wp-content\/uploads\/2020\/05\/esprit-logo-vector-315x79.png 315w\" \/>\t\t\t\t\t\t<\/a>\n\t\t\t\t<a href=\"https:\/\/www.grupoexito.com.co\/es\" target=\"_blank\" rel=\"noopener noreferrer\" itemprop=\"url\" title=\"LogroGrupo-Exito\">\n\t\t\t\t\t\t\t\t\t\t<img loading=\"lazy\" width=\"300\" height=\"175\" src=\"http:\/\/textifull.com.co\/wp-content\/uploads\/2020\/05\/LogroGrupo-Exito-300x175.png\" alt=\"LogroGrupo-Exito\" itemprop=\"image\" data-link-type=\"url\" title=\"LogroGrupo-Exito\" onerror=\"this.style.display='none'\"  sizes=\"(max-width: 768px) 100vw, 100vw\" srcset=\"data:image\/svg+xml;utf8,&lt;svg%20xmlns=&quot;http:\/\/www.w3.org\/2000\/svg&quot;%20viewBox=&quot;0%200%201716%201000&quot;%20height=&quot;1000px&quot;%20width=&quot;1716px&quot;\/&gt;\" data-srcset=\"https:\/\/textifull.com.co\/wp-content\/uploads\/2020\/05\/LogroGrupo-Exito-300x175.png 300w, https:\/\/textifull.com.co\/wp-content\/uploads\/2020\/05\/LogroGrupo-Exito-1024x597.png 1024w, https:\/\/textifull.com.co\/wp-content\/uploads\/2020\/05\/LogroGrupo-Exito-768x448.png 768w, https:\/\/textifull.com.co\/wp-content\/uploads\/2020\/05\/LogroGrupo-Exito-1536x895.png 1536w, https:\/\/textifull.com.co\/wp-content\/uploads\/2020\/05\/LogroGrupo-Exito-1260x734.png 1260w, https:\/\/textifull.com.co\/wp-content\/uploads\/2020\/05\/LogroGrupo-Exito-630x367.png 630w, https:\/\/textifull.com.co\/wp-content\/uploads\/2020\/05\/LogroGrupo-Exito-420x245.png 420w, https:\/\/textifull.com.co\/wp-content\/uploads\/2020\/05\/LogroGrupo-Exito-840x490.png 840w, https:\/\/textifull.com.co\/wp-content\/uploads\/2020\/05\/LogroGrupo-Exito-315x184.png 315w, https:\/\/textifull.com.co\/wp-content\/uploads\/2020\/05\/LogroGrupo-Exito.png 1716w\" \/>\t\t\t\t\t\t<\/a>\n\t\t\t\t<a href=\"https:\/\/www.falabella.com.co\/falabella-co\/\" target=\"_blank\" rel=\"noopener noreferrer\" itemprop=\"url\" title=\"falave\">\n\t\t\t\t\t\t\t\t\t\t<img loading=\"lazy\" width=\"2025\" height=\"704\" src=\"http:\/\/textifull.com.co\/wp-content\/uploads\/2020\/05\/falave.png\" alt=\"falave\" itemprop=\"image\" data-link-type=\"url\" title=\"falave\" onerror=\"this.style.display='none'\"  sizes=\"(max-width: 768px) 100vw, 100vw\" srcset=\"data:image\/svg+xml;utf8,&lt;svg%20xmlns=&quot;http:\/\/www.w3.org\/2000\/svg&quot;%20viewBox=&quot;0%200%202025%20704&quot;%20height=&quot;704px&quot;%20width=&quot;2025px&quot;\/&gt;\" data-srcset=\"https:\/\/textifull.com.co\/wp-content\/uploads\/2020\/05\/falave.png 2025w, https:\/\/textifull.com.co\/wp-content\/uploads\/2020\/05\/falave-300x104.png 300w, https:\/\/textifull.com.co\/wp-content\/uploads\/2020\/05\/falave-1024x356.png 1024w, https:\/\/textifull.com.co\/wp-content\/uploads\/2020\/05\/falave-768x267.png 768w, https:\/\/textifull.com.co\/wp-content\/uploads\/2020\/05\/falave-1536x534.png 1536w, https:\/\/textifull.com.co\/wp-content\/uploads\/2020\/05\/falave-1260x438.png 1260w, https:\/\/textifull.com.co\/wp-content\/uploads\/2020\/05\/falave-630x219.png 630w, https:\/\/textifull.com.co\/wp-content\/uploads\/2020\/05\/falave-420x146.png 420w, https:\/\/textifull.com.co\/wp-content\/uploads\/2020\/05\/falave-840x292.png 840w, https:\/\/textifull.com.co\/wp-content\/uploads\/2020\/05\/falave-315x110.png 315w\" \/>\t\t\t\t\t\t<\/a>\n\t\t\t\t<a href=\"https:\/\/stilotex.com\/\" target=\"_blank\" rel=\"noopener noreferrer\" itemprop=\"url\" title=\"stilotex\">\n\t\t\t\t\t\t\t\t\t\t<img loading=\"lazy\" width=\"1842\" height=\"475\" src=\"http:\/\/textifull.com.co\/wp-content\/uploads\/2020\/05\/stilotex.png\" alt=\"stilotex\" itemprop=\"image\" data-link-type=\"url\" title=\"stilotex\" onerror=\"this.style.display='none'\"  sizes=\"(max-width: 768px) 100vw, 100vw\" srcset=\"data:image\/svg+xml;utf8,&lt;svg%20xmlns=&quot;http:\/\/www.w3.org\/2000\/svg&quot;%20viewBox=&quot;0%200%201842%20475&quot;%20height=&quot;475px&quot;%20width=&quot;1842px&quot;\/&gt;\" data-srcset=\"https:\/\/textifull.com.co\/wp-content\/uploads\/2020\/05\/stilotex.png 1842w, https:\/\/textifull.com.co\/wp-content\/uploads\/2020\/05\/stilotex-300x77.png 300w, https:\/\/textifull.com.co\/wp-content\/uploads\/2020\/05\/stilotex-1024x264.png 1024w, https:\/\/textifull.com.co\/wp-content\/uploads\/2020\/05\/stilotex-768x198.png 768w, https:\/\/textifull.com.co\/wp-content\/uploads\/2020\/05\/stilotex-1536x396.png 1536w, https:\/\/textifull.com.co\/wp-content\/uploads\/2020\/05\/stilotex-1260x325.png 1260w, https:\/\/textifull.com.co\/wp-content\/uploads\/2020\/05\/stilotex-630x162.png 630w, https:\/\/textifull.com.co\/wp-content\/uploads\/2020\/05\/stilotex-420x108.png 420w, https:\/\/textifull.com.co\/wp-content\/uploads\/2020\/05\/stilotex-840x217.png 840w, https:\/\/textifull.com.co\/wp-content\/uploads\/2020\/05\/stilotex-315x81.png 315w\" \/>\t\t\t\t\t\t<\/a>\n\t\t\t\t<a href=\"https:\/\/www.rifle.com.co\/\" target=\"_blank\" rel=\"noopener noreferrer\" itemprop=\"url\" title=\"rifle\">\n\t\t\t\t\t\t\t\t\t\t<img loading=\"lazy\" width=\"2240\" height=\"815\" src=\"http:\/\/textifull.com.co\/wp-content\/uploads\/2020\/05\/rifle.png\" alt=\"rifle\" itemprop=\"image\" data-link-type=\"url\" title=\"rifle\" onerror=\"this.style.display='none'\"  sizes=\"(max-width: 768px) 100vw, 100vw\" srcset=\"data:image\/svg+xml;utf8,&lt;svg%20xmlns=&quot;http:\/\/www.w3.org\/2000\/svg&quot;%20viewBox=&quot;0%200%202240%20815&quot;%20height=&quot;815px&quot;%20width=&quot;2240px&quot;\/&gt;\" data-srcset=\"https:\/\/textifull.com.co\/wp-content\/uploads\/2020\/05\/rifle.png 2240w, https:\/\/textifull.com.co\/wp-content\/uploads\/2020\/05\/rifle-300x109.png 300w, https:\/\/textifull.com.co\/wp-content\/uploads\/2020\/05\/rifle-1024x373.png 1024w, https:\/\/textifull.com.co\/wp-content\/uploads\/2020\/05\/rifle-768x279.png 768w, https:\/\/textifull.com.co\/wp-content\/uploads\/2020\/05\/rifle-1536x559.png 1536w, https:\/\/textifull.com.co\/wp-content\/uploads\/2020\/05\/rifle-2048x745.png 2048w, https:\/\/textifull.com.co\/wp-content\/uploads\/2020\/05\/rifle-1260x458.png 1260w, https:\/\/textifull.com.co\/wp-content\/uploads\/2020\/05\/rifle-630x229.png 630w, https:\/\/textifull.com.co\/wp-content\/uploads\/2020\/05\/rifle-420x153.png 420w, https:\/\/textifull.com.co\/wp-content\/uploads\/2020\/05\/rifle-840x306.png 840w, https:\/\/textifull.com.co\/wp-content\/uploads\/2020\/05\/rifle-315x115.png 315w\" \/>\t\t\t\t\t\t<\/a>\n\t\t\t\t<a href=\"https:\/\/www.stopjeans.com\/\" target=\"_blank\" rel=\"noopener noreferrer\" itemprop=\"url\" title=\"stop\">\n\t\t\t\t\t\t\t\t\t\t<img loading=\"lazy\" width=\"1972\" height=\"834\" src=\"http:\/\/textifull.com.co\/wp-content\/uploads\/2020\/05\/stop.png\" alt=\"stop\" itemprop=\"image\" data-link-type=\"url\" title=\"stop\" onerror=\"this.style.display='none'\"  sizes=\"(max-width: 768px) 100vw, 100vw\" srcset=\"data:image\/svg+xml;utf8,&lt;svg%20xmlns=&quot;http:\/\/www.w3.org\/2000\/svg&quot;%20viewBox=&quot;0%200%201972%20834&quot;%20height=&quot;834px&quot;%20width=&quot;1972px&quot;\/&gt;\" data-srcset=\"https:\/\/textifull.com.co\/wp-content\/uploads\/2020\/05\/stop.png 1972w, https:\/\/textifull.com.co\/wp-content\/uploads\/2020\/05\/stop-300x127.png 300w, https:\/\/textifull.com.co\/wp-content\/uploads\/2020\/05\/stop-1024x433.png 1024w, https:\/\/textifull.com.co\/wp-content\/uploads\/2020\/05\/stop-768x325.png 768w, https:\/\/textifull.com.co\/wp-content\/uploads\/2020\/05\/stop-1536x650.png 1536w, https:\/\/textifull.com.co\/wp-content\/uploads\/2020\/05\/stop-1260x533.png 1260w, https:\/\/textifull.com.co\/wp-content\/uploads\/2020\/05\/stop-630x266.png 630w, https:\/\/textifull.com.co\/wp-content\/uploads\/2020\/05\/stop-420x178.png 420w, https:\/\/textifull.com.co\/wp-content\/uploads\/2020\/05\/stop-840x355.png 840w, https:\/\/textifull.com.co\/wp-content\/uploads\/2020\/05\/stop-315x133.png 315w\" \/>\t\t\t\t\t\t<\/a>\n\t\t\t\t<a href=\"https:\/\/www.nafnaf.com.co\/\" target=\"_blank\" rel=\"noopener noreferrer\" itemprop=\"url\" title=\"nafnaf\">\n\t\t\t\t\t\t\t\t\t\t<img loading=\"lazy\" width=\"2147\" height=\"201\" src=\"http:\/\/textifull.com.co\/wp-content\/uploads\/2020\/05\/nafnaf.png\" alt=\"nafnaf\" itemprop=\"image\" data-link-type=\"url\" title=\"nafnaf\" onerror=\"this.style.display='none'\"  sizes=\"(max-width: 768px) 100vw, 100vw\" srcset=\"data:image\/svg+xml;utf8,&lt;svg%20xmlns=&quot;http:\/\/www.w3.org\/2000\/svg&quot;%20viewBox=&quot;0%200%202147%20201&quot;%20height=&quot;201px&quot;%20width=&quot;2147px&quot;\/&gt;\" data-srcset=\"https:\/\/textifull.com.co\/wp-content\/uploads\/2020\/05\/nafnaf.png 2147w, https:\/\/textifull.com.co\/wp-content\/uploads\/2020\/05\/nafnaf-300x28.png 300w, https:\/\/textifull.com.co\/wp-content\/uploads\/2020\/05\/nafnaf-1024x96.png 1024w, https:\/\/textifull.com.co\/wp-content\/uploads\/2020\/05\/nafnaf-768x72.png 768w, https:\/\/textifull.com.co\/wp-content\/uploads\/2020\/05\/nafnaf-1536x144.png 1536w, https:\/\/textifull.com.co\/wp-content\/uploads\/2020\/05\/nafnaf-2048x192.png 2048w, https:\/\/textifull.com.co\/wp-content\/uploads\/2020\/05\/nafnaf-1260x118.png 1260w, https:\/\/textifull.com.co\/wp-content\/uploads\/2020\/05\/nafnaf-630x59.png 630w, https:\/\/textifull.com.co\/wp-content\/uploads\/2020\/05\/nafnaf-420x39.png 420w, https:\/\/textifull.com.co\/wp-content\/uploads\/2020\/05\/nafnaf-840x79.png 840w, https:\/\/textifull.com.co\/wp-content\/uploads\/2020\/05\/nafnaf-315x29.png 315w\" \/>\t\t\t\t\t\t<\/a>\n\t\t\t\t<a href=\"https:\/\/www.americanino.com\/\" target=\"_blank\" rel=\"noopener noreferrer\" itemprop=\"url\" title=\"americanino\">\n\t\t\t\t\t\t\t\t\t\t<img loading=\"lazy\" width=\"1973\" height=\"1190\" src=\"http:\/\/textifull.com.co\/wp-content\/uploads\/2020\/05\/americanino.png\" alt=\"americanino\" itemprop=\"image\" data-link-type=\"url\" title=\"americanino\" onerror=\"this.style.display='none'\"  sizes=\"(max-width: 768px) 100vw, 100vw\" srcset=\"data:image\/svg+xml;utf8,&lt;svg%20xmlns=&quot;http:\/\/www.w3.org\/2000\/svg&quot;%20viewBox=&quot;0%200%201973%201190&quot;%20height=&quot;1190px&quot;%20width=&quot;1973px&quot;\/&gt;\" data-srcset=\"https:\/\/textifull.com.co\/wp-content\/uploads\/2020\/05\/americanino.png 1973w, https:\/\/textifull.com.co\/wp-content\/uploads\/2020\/05\/americanino-300x181.png 300w, https:\/\/textifull.com.co\/wp-content\/uploads\/2020\/05\/americanino-1024x618.png 1024w, https:\/\/textifull.com.co\/wp-content\/uploads\/2020\/05\/americanino-768x463.png 768w, https:\/\/textifull.com.co\/wp-content\/uploads\/2020\/05\/americanino-1536x926.png 1536w, https:\/\/textifull.com.co\/wp-content\/uploads\/2020\/05\/americanino-1260x760.png 1260w, https:\/\/textifull.com.co\/wp-content\/uploads\/2020\/05\/americanino-630x380.png 630w, https:\/\/textifull.com.co\/wp-content\/uploads\/2020\/05\/americanino-420x253.png 420w, https:\/\/textifull.com.co\/wp-content\/uploads\/2020\/05\/americanino-840x507.png 840w, https:\/\/textifull.com.co\/wp-content\/uploads\/2020\/05\/americanino-315x190.png 315w\" \/>\t\t\t\t\t\t<\/a>\n\t\t\t\t<a href=\"#\" target=\"_blank\" rel=\"noopener noreferrer\" itemprop=\"url\" title=\"didetexco\">\n\t\t\t\t\t\t\t\t\t\t<img loading=\"lazy\" width=\"2560\" height=\"409\" src=\"http:\/\/textifull.com.co\/wp-content\/uploads\/2020\/05\/didetexco.png\" alt=\"didetexco\" itemprop=\"image\" data-link-type=\"url\" title=\"didetexco\" onerror=\"this.style.display='none'\"  sizes=\"(max-width: 768px) 100vw, 100vw\" srcset=\"data:image\/svg+xml;utf8,&lt;svg%20xmlns=&quot;http:\/\/www.w3.org\/2000\/svg&quot;%20viewBox=&quot;0%200%202560%20409&quot;%20height=&quot;409px&quot;%20width=&quot;2560px&quot;\/&gt;\" data-srcset=\"https:\/\/textifull.com.co\/wp-content\/uploads\/2020\/05\/didetexco.png 2560w, https:\/\/textifull.com.co\/wp-content\/uploads\/2020\/05\/didetexco-300x48.png 300w, https:\/\/textifull.com.co\/wp-content\/uploads\/2020\/05\/didetexco-1024x164.png 1024w, https:\/\/textifull.com.co\/wp-content\/uploads\/2020\/05\/didetexco-768x123.png 768w, https:\/\/textifull.com.co\/wp-content\/uploads\/2020\/05\/didetexco-1536x245.png 1536w, https:\/\/textifull.com.co\/wp-content\/uploads\/2020\/05\/didetexco-2048x327.png 2048w, https:\/\/textifull.com.co\/wp-content\/uploads\/2020\/05\/didetexco-1260x201.png 1260w, https:\/\/textifull.com.co\/wp-content\/uploads\/2020\/05\/didetexco-630x101.png 630w, https:\/\/textifull.com.co\/wp-content\/uploads\/2020\/05\/didetexco-420x67.png 420w, https:\/\/textifull.com.co\/wp-content\/uploads\/2020\/05\/didetexco-840x134.png 840w, https:\/\/textifull.com.co\/wp-content\/uploads\/2020\/05\/didetexco-315x50.png 315w\" \/>\t\t\t\t\t\t<\/a>\n\t<h2>INTERNATIONAL CERTIFICATIONS<\/h2>\n\t<p>Due to our commitment and hard work in complying with the Occupational Health and Safety Management System (OHSMS), as well as for our consistent effective controls and ongoing training of our employees, we are proud to have gained the trust of major international brands.<\/p>\n<p>&nbsp;<\/p>\n<p><img loading=\"lazy\" src=\"http:\/\/textifull.com.co\/wp-content\/uploads\/2020\/06\/logouniversalwlat-1024x202.png\" alt=\"\" width=\"710\" height=\"140\" \/><\/p>\n<\/div><!-- .vgblk-rw-wrapper -->","protected":false},"excerpt":{"rendered":"<p>Nuestros clientes Para TEXTIFULL, sus clientes como aliados estrat\u00e9gicos son la raz\u00f3n de ser, por eso trabajamos en asegurar los procesos bajo est\u00e1ndares de calidad que mejoren la eficiencia operativa para lograr ofrecer productos competitivos. La fidelidad, sostenibilidad y satisfacci\u00f3n son el objetivo primordial de nuestra empresa. CERTIFICACIONES Por nuestro compromiso y arduo trabajo en&#8230;<\/p>","protected":false},"author":1,"featured_media":0,"parent":0,"menu_order":0,"comment_status":"closed","ping_status":"closed","template":"","meta":[],"yoast_head":"<!-- This site is optimized with the Yoast SEO plugin v18.0 - https:\/\/yoast.com\/wordpress\/plugins\/seo\/ -->\n<title>Clientes y Certificaciones | TextiFull<\/title>\n<meta name=\"description\" content=\"TextiFull Clientes y Certificaciones\" \/>\n<meta name=\"robots\" content=\"index, follow, max-snippet:-1, max-image-preview:large, max-video-preview:-1\" \/>\n<link rel=\"canonical\" href=\"https:\/\/textifull.com.co\/eng\/clientes-y-certificaciones\/\" \/>\n<meta property=\"og:locale\" content=\"en_US\" \/>\n<meta property=\"og:type\" content=\"article\" \/>\n<meta property=\"og:title\" content=\"Clientes y Certificaciones | TextiFull\" \/>\n<meta property=\"og:description\" content=\"TextiFull Clientes y Certificaciones\" \/>\n<meta property=\"og:url\" content=\"https:\/\/textifull.com.co\/eng\/clientes-y-certificaciones\/\" \/>\n<meta property=\"og:site_name\" content=\"TextiFull\" \/>\n<meta property=\"article:modified_time\" content=\"2020-09-18T20:27:46+00:00\" \/>\n<meta property=\"og:image\" content=\"http:\/\/textifull.com.co\/wp-content\/uploads\/2020\/05\/esprit-logo-vector.png\" \/>\n<meta name=\"twitter:card\" content=\"summary_large_image\" \/>\n<script type=\"application\/ld+json\" class=\"yoast-schema-graph\">{\"@context\":\"https:\/\/schema.org\",\"@graph\":[{\"@type\":\"Organization\",\"@id\":\"https:\/\/textifull.com.co\/#organization\",\"name\":\"TextiFull\",\"url\":\"https:\/\/textifull.com.co\/\",\"sameAs\":[],\"logo\":{\"@type\":\"ImageObject\",\"@id\":\"https:\/\/textifull.com.co\/#logo\",\"inLanguage\":\"en-US\",\"url\":\"https:\/\/textifull.com.co\/wp-content\/uploads\/2020\/07\/logo-textifull-512x512-1.png\",\"contentUrl\":\"https:\/\/textifull.com.co\/wp-content\/uploads\/2020\/07\/logo-textifull-512x512-1.png\",\"width\":513,\"height\":513,\"caption\":\"TextiFull\"},\"image\":{\"@id\":\"https:\/\/textifull.com.co\/#logo\"}},{\"@type\":\"WebSite\",\"@id\":\"https:\/\/textifull.com.co\/#website\",\"url\":\"https:\/\/textifull.com.co\/\",\"name\":\"TextiFull\",\"description\":\"\",\"publisher\":{\"@id\":\"https:\/\/textifull.com.co\/#organization\"},\"potentialAction\":[{\"@type\":\"SearchAction\",\"target\":{\"@type\":\"EntryPoint\",\"urlTemplate\":\"https:\/\/textifull.com.co\/?s={search_term_string}\"},\"query-input\":\"required name=search_term_string\"}],\"inLanguage\":\"en-US\"},{\"@type\":\"ImageObject\",\"@id\":\"https:\/\/textifull.com.co\/clientes-y-certificaciones\/#primaryimage\",\"inLanguage\":\"en-US\",\"url\":\"http:\/\/textifull.com.co\/wp-content\/uploads\/2020\/05\/esprit-logo-vector.png\",\"contentUrl\":\"http:\/\/textifull.com.co\/wp-content\/uploads\/2020\/05\/esprit-logo-vector.png\"},{\"@type\":\"WebPage\",\"@id\":\"https:\/\/textifull.com.co\/clientes-y-certificaciones\/#webpage\",\"url\":\"https:\/\/textifull.com.co\/clientes-y-certificaciones\/\",\"name\":\"Clientes y Certificaciones | TextiFull\",\"isPartOf\":{\"@id\":\"https:\/\/textifull.com.co\/#website\"},\"primaryImageOfPage\":{\"@id\":\"https:\/\/textifull.com.co\/clientes-y-certificaciones\/#primaryimage\"},\"datePublished\":\"2020-06-23T15:59:53+00:00\",\"dateModified\":\"2020-09-18T20:27:46+00:00\",\"description\":\"TextiFull Clientes y Certificaciones\",\"breadcrumb\":{\"@id\":\"https:\/\/textifull.com.co\/clientes-y-certificaciones\/#breadcrumb\"},\"inLanguage\":\"en-US\",\"potentialAction\":[{\"@type\":\"ReadAction\",\"target\":[\"https:\/\/textifull.com.co\/clientes-y-certificaciones\/\"]}]},{\"@type\":\"BreadcrumbList\",\"@id\":\"https:\/\/textifull.com.co\/clientes-y-certificaciones\/#breadcrumb\",\"itemListElement\":[{\"@type\":\"ListItem\",\"position\":1,\"name\":\"Home\",\"item\":\"https:\/\/textifull.com.co\/\"},{\"@type\":\"ListItem\",\"position\":2,\"name\":\"Clientes y Certificaciones\"}]}]}<\/script>\n<!-- \/ Yoast SEO plugin. -->","yoast_head_json":{"title":"Clientes y Certificaciones | TextiFull","description":"TextiFull Clientes y Certificaciones","robots":{"index":"index","follow":"follow","max-snippet":"max-snippet:-1","max-image-preview":"max-image-preview:large","max-video-preview":"max-video-preview:-1"},"canonical":"https:\/\/textifull.com.co\/eng\/clientes-y-certificaciones\/","og_locale":"en_US","og_type":"article","og_title":"Clientes y Certificaciones | TextiFull","og_description":"TextiFull Clientes y Certificaciones","og_url":"https:\/\/textifull.com.co\/eng\/clientes-y-certificaciones\/","og_site_name":"TextiFull","article_modified_time":"2020-09-18T20:27:46+00:00","og_image":[{"url":"http:\/\/textifull.com.co\/wp-content\/uploads\/2020\/05\/esprit-logo-vector.png"}],"twitter_card":"summary_large_image","schema":{"@context":"https:\/\/schema.org","@graph":[{"@type":"Organization","@id":"https:\/\/textifull.com.co\/#organization","name":"TextiFull","url":"https:\/\/textifull.com.co\/","sameAs":[],"logo":{"@type":"ImageObject","@id":"https:\/\/textifull.com.co\/#logo","inLanguage":"en-US","url":"https:\/\/textifull.com.co\/wp-content\/uploads\/2020\/07\/logo-textifull-512x512-1.png","contentUrl":"https:\/\/textifull.com.co\/wp-content\/uploads\/2020\/07\/logo-textifull-512x512-1.png","width":513,"height":513,"caption":"TextiFull"},"image":{"@id":"https:\/\/textifull.com.co\/#logo"}},{"@type":"WebSite","@id":"https:\/\/textifull.com.co\/#website","url":"https:\/\/textifull.com.co\/","name":"TextiFull","description":"","publisher":{"@id":"https:\/\/textifull.com.co\/#organization"},"potentialAction":[{"@type":"SearchAction","target":{"@type":"EntryPoint","urlTemplate":"https:\/\/textifull.com.co\/?s={search_term_string}"},"query-input":"required name=search_term_string"}],"inLanguage":"en-US"},{"@type":"ImageObject","@id":"https:\/\/textifull.com.co\/clientes-y-certificaciones\/#primaryimage","inLanguage":"en-US","url":"http:\/\/textifull.com.co\/wp-content\/uploads\/2020\/05\/esprit-logo-vector.png","contentUrl":"http:\/\/textifull.com.co\/wp-content\/uploads\/2020\/05\/esprit-logo-vector.png"},{"@type":"WebPage","@id":"https:\/\/textifull.com.co\/clientes-y-certificaciones\/#webpage","url":"https:\/\/textifull.com.co\/clientes-y-certificaciones\/","name":"Clientes y Certificaciones | TextiFull","isPartOf":{"@id":"https:\/\/textifull.com.co\/#website"},"primaryImageOfPage":{"@id":"https:\/\/textifull.com.co\/clientes-y-certificaciones\/#primaryimage"},"datePublished":"2020-06-23T15:59:53+00:00","dateModified":"2020-09-18T20:27:46+00:00","description":"TextiFull Clientes y Certificaciones","breadcrumb":{"@id":"https:\/\/textifull.com.co\/clientes-y-certificaciones\/#breadcrumb"},"inLanguage":"en-US","potentialAction":[{"@type":"ReadAction","target":["https:\/\/textifull.com.co\/clientes-y-certificaciones\/"]}]},{"@type":"BreadcrumbList","@id":"https:\/\/textifull.com.co\/clientes-y-certificaciones\/#breadcrumb","itemListElement":[{"@type":"ListItem","position":1,"name":"Home","item":"https:\/\/textifull.com.co\/"},{"@type":"ListItem","position":2,"name":"Clientes y Certificaciones"}]}]}},"jetpack_sharing_enabled":true,"_links":{"self":[{"href":"https:\/\/textifull.com.co\/eng\/wp-json\/wp\/v2\/pages\/17878"}],"collection":[{"href":"https:\/\/textifull.com.co\/eng\/wp-json\/wp\/v2\/pages"}],"about":[{"href":"https:\/\/textifull.com.co\/eng\/wp-json\/wp\/v2\/types\/page"}],"author":[{"embeddable":true,"href":"https:\/\/textifull.com.co\/eng\/wp-json\/wp\/v2\/users\/1"}],"replies":[{"embeddable":true,"href":"https:\/\/textifull.com.co\/eng\/wp-json\/wp\/v2\/comments?post=17878"}],"version-history":[{"count":7,"href":"https:\/\/textifull.com.co\/eng\/wp-json\/wp\/v2\/pages\/17878\/revisions"}],"predecessor-version":[{"id":18055,"href":"https:\/\/textifull.com.co\/eng\/wp-json\/wp\/v2\/pages\/17878\/revisions\/18055"}],"wp:attachment":[{"href":"https:\/\/textifull.com.co\/eng\/wp-json\/wp\/v2\/media?parent=17878"}],"curies":[{"name":"wp","href":"https:\/\/api.w.org\/{rel}","templated":true}]}}